{"id":950,"date":"2016-07-15T14:19:20","date_gmt":"2016-07-15T14:19:20","guid":{"rendered":"http:\/\/test.kriesi.at\/enfold-medical\/?page_id=950"},"modified":"2025-11-20T18:12:48","modified_gmt":"2025-11-20T17:12:48","slug":"about","status":"publish","type":"page","link":"https:\/\/biogenmex.com\/?page_id=950","title":{"rendered":"Acerca de Nosotros"},"content":{"rendered":"\n<div id='av-layout-grid-1'  class='av-layout-grid-container av-li73q-e1db10c26939acc99331ee70921182c6 entry-content-wrapper main_color av-flex-cells  avia-builder-el-1  el_after_av_slideshow_accordion  avia-builder-el-last  grid-row-not-first  container_wrap sidebar_right'  >\n\n<style type=\"text\/css\" data-created_by=\"avia_inline_auto\" id=\"style-css-av-5wbimm-36c56deae441c34eae26979e651563b3\">\n.flex_cell.av-5wbimm-36c56deae441c34eae26979e651563b3{\nvertical-align:middle;\nheight:500px;\nmin-height:500px;\nbackground-color:#8695a3;\n}\n.responsive #top #wrap_all .flex_cell.av-5wbimm-36c56deae441c34eae26979e651563b3{\npadding:80px 80px 80px 80px !important;\n}\n<\/style>\n<div class='flex_cell av-5wbimm-36c56deae441c34eae26979e651563b3 av-gridrow-cell av_one_half no_margin  avia-builder-el-2  el_before_av_cell_one_half  avia-builder-el-first  content-align-middle avia-full-stretch'  ><div class='flex_cell_inner'><p>\n<style type=\"text\/css\" data-created_by=\"avia_inline_auto\" id=\"style-css-av-5n1hxq-d9cbd485f4c6db0e5e32e8a6ac8b42bb\">\n#top .av-special-heading.av-5n1hxq-d9cbd485f4c6db0e5e32e8a6ac8b42bb{\npadding-bottom:25px;\ncolor:#ffffff;\nfont-size:34px;\n}\nbody .av-special-heading.av-5n1hxq-d9cbd485f4c6db0e5e32e8a6ac8b42bb .av-special-heading-tag .heading-char{\nfont-size:25px;\n}\n#top #wrap_all .av-special-heading.av-5n1hxq-d9cbd485f4c6db0e5e32e8a6ac8b42bb .av-special-heading-tag{\nfont-size:34px;\n}\n.av-special-heading.av-5n1hxq-d9cbd485f4c6db0e5e32e8a6ac8b42bb .special-heading-inner-border{\nborder-color:#ffffff;\n}\n.av-special-heading.av-5n1hxq-d9cbd485f4c6db0e5e32e8a6ac8b42bb .av-subheading{\nfont-size:15px;\n}\n\n@media only screen and (min-width: 480px) and (max-width: 767px){ \n#top #wrap_all .av-special-heading.av-5n1hxq-d9cbd485f4c6db0e5e32e8a6ac8b42bb .av-special-heading-tag{\nfont-size:0.8em;\n}\n}\n\n@media only screen and (max-width: 479px){ \n#top #wrap_all .av-special-heading.av-5n1hxq-d9cbd485f4c6db0e5e32e8a6ac8b42bb .av-special-heading-tag{\nfont-size:0.8em;\n}\n}\n<\/style>\n<div  class='av-special-heading av-5n1hxq-d9cbd485f4c6db0e5e32e8a6ac8b42bb av-special-heading-h3 custom-color-heading blockquote modern-quote  avia-builder-el-3  el_before_av_textblock  avia-builder-el-first  av-inherit-size'><h3 class='av-special-heading-tag '  itemprop=\"headline\"  >Acerca de Nosotros<\/h3><div class=\"special-heading-border\"><div class=\"special-heading-inner-border\"><\/div><\/div><\/div><br \/>\n\n<style type=\"text\/css\" data-created_by=\"avia_inline_auto\" id=\"style-css-av-5hq2qe-976dd04059e4104e2d56643615fd4974\">\n#top .av_textblock_section.av-5hq2qe-976dd04059e4104e2d56643615fd4974 .avia_textblock{\ncolor:#ffffff;\n}\n<\/style>\n<section  class='av_textblock_section av-5hq2qe-976dd04059e4104e2d56643615fd4974 '   itemscope=\"itemscope\" itemtype=\"https:\/\/schema.org\/CreativeWork\" ><div class='avia_textblock av_inherit_color'  itemprop=\"text\" ><p>Establecer la creaci\u00f3n y la sostenibilidad de una empresa en M\u00e9xico representa un desaf\u00edo significativo. No obstante, gracias al empe\u00f1o y respaldo de familiares, clientes, integrantes y aliados de BioGenMex, se ha conseguido contribuir a la implementaci\u00f3n de herramientas gen\u00e9ticas y de an\u00e1lisis de datos para alcanzar una crianza responsable y cient\u00edfica, contribuyendo de esta manera al desarrollo tecnol\u00f3gico de la naci\u00f3n.<\/p>\n<\/div><\/section><\/p>\n<\/div><\/div>\n<style type=\"text\/css\" data-created_by=\"avia_inline_auto\" id=\"style-css-av-5cyqiu-d12764e42bb0467773bc9a82421e14fe\">\n.flex_cell.av-5cyqiu-d12764e42bb0467773bc9a82421e14fe{\nvertical-align:middle;\nheight:500px;\nmin-height:500px;\nbackground:url(https:\/\/biogenmex.com\/wp-content\/uploads\/2016\/07\/corporate-buildings-m-845x684.jpg) 50% 50% no-repeat scroll #8695a3;\n}\n.responsive #top #wrap_all .flex_cell.av-5cyqiu-d12764e42bb0467773bc9a82421e14fe{\npadding:50px 50px 50px 50px !important;\n}\n<\/style>\n<div class='flex_cell av-5cyqiu-d12764e42bb0467773bc9a82421e14fe av-gridrow-cell av_one_half no_margin  avia-builder-el-5  el_after_av_cell_one_half  avia-builder-el-last  content-align-middle avia-full-stretch'  ><div class='flex_cell_inner'>\n<\/div><\/div><\/div>\n","protected":false},"excerpt":{"rendered":"","protected":false},"author":1,"featured_media":0,"parent":954,"menu_order":0,"comment_status":"closed","ping_status":"closed","template":"","meta":{"footnotes":""},"class_list":["post-950","page","type-page","status-publish","hentry"],"_links":{"self":[{"href":"https:\/\/biogenmex.com\/index.php?rest_route=\/wp\/v2\/pages\/950","targetHints":{"allow":["GET"]}}],"collection":[{"href":"https:\/\/biogenmex.com\/index.php?rest_route=\/wp\/v2\/pages"}],"about":[{"href":"https:\/\/biogenmex.com\/index.php?rest_route=\/wp\/v2\/types\/page"}],"author":[{"embeddable":true,"href":"https:\/\/biogenmex.com\/index.php?rest_route=\/wp\/v2\/users\/1"}],"replies":[{"embeddable":true,"href":"https:\/\/biogenmex.com\/index.php?rest_route=%2Fwp%2Fv2%2Fcomments&post=950"}],"version-history":[{"count":21,"href":"https:\/\/biogenmex.com\/index.php?rest_route=\/wp\/v2\/pages\/950\/revisions"}],"predecessor-version":[{"id":1546,"href":"https:\/\/biogenmex.com\/index.php?rest_route=\/wp\/v2\/pages\/950\/revisions\/1546"}],"up":[{"embeddable":true,"href":"https:\/\/biogenmex.com\/index.php?rest_route=\/wp\/v2\/pages\/954"}],"wp:attachment":[{"href":"https:\/\/biogenmex.com\/index.php?rest_route=%2Fwp%2Fv2%2Fmedia&parent=950"}],"curies":[{"name":"wp","href":"https:\/\/api.w.org\/{rel}","templated":true}]}}