{"id":1496,"date":"2025-11-20T00:00:18","date_gmt":"2025-11-19T23:00:18","guid":{"rendered":"https:\/\/biogenmex.com\/?page_id=1496"},"modified":"2025-11-20T18:06:13","modified_gmt":"2025-11-20T17:06:13","slug":"entrenamiento-especializado-para-inseminacion-artificial-y-transferencia-de-embriones","status":"publish","type":"page","link":"https:\/\/biogenmex.com\/?page_id=1496","title":{"rendered":"Entrenamiento Especializado para Inseminaci\u00f3n Artificial y Transferencia de Embriones"},"content":{"rendered":"<div id='av-layout-grid-1'  class='av-layout-grid-container av-jqb8fc-58b076dd394275d6c97580511806ef77 entry-content-wrapper main_color av-flex-cells  avia-builder-el-0  el_before_av_section  avia-builder-el-first   container_wrap sidebar_right'  >\n\n<style type=\"text\/css\" data-created_by=\"avia_inline_auto\" id=\"style-css-av-h9mi5k-f882b5751cfeeb31fbfd9fc6cac071af\">\n.flex_cell.av-h9mi5k-f882b5751cfeeb31fbfd9fc6cac071af{\nvertical-align:middle;\nheight:0px;\nmin-height:0px;\nbackground-color:#ffffff;\n}\n.responsive #top #wrap_all .flex_cell.av-h9mi5k-f882b5751cfeeb31fbfd9fc6cac071af{\npadding:80px 80px 80px 80px !important;\n}\n<\/style>\n<div class='flex_cell av-h9mi5k-f882b5751cfeeb31fbfd9fc6cac071af av-gridrow-cell av_one_half no_margin  avia-builder-el-1  el_before_av_cell_one_half  avia-builder-el-first  content-align-middle avia-full-stretch'  ><div class='flex_cell_inner'><p>\n<style type=\"text\/css\" data-created_by=\"avia_inline_auto\" id=\"style-css-av-mi6ltxfu-2d38246a0a7b95fe2cd95f369fca11f0\">\n#top .av-special-heading.av-mi6ltxfu-2d38246a0a7b95fe2cd95f369fca11f0{\npadding-bottom:10px;\ncolor:#020202;\n}\nbody .av-special-heading.av-mi6ltxfu-2d38246a0a7b95fe2cd95f369fca11f0 .av-special-heading-tag .heading-char{\nfont-size:25px;\n}\n.av-special-heading.av-mi6ltxfu-2d38246a0a7b95fe2cd95f369fca11f0 .special-heading-inner-border{\nborder-color:#020202;\n}\n.av-special-heading.av-mi6ltxfu-2d38246a0a7b95fe2cd95f369fca11f0 .av-subheading{\nfont-size:15px;\n}\n<\/style>\n<div  class='av-special-heading av-mi6ltxfu-2d38246a0a7b95fe2cd95f369fca11f0 av-special-heading-h3 custom-color-heading  avia-builder-el-2  el_before_av_hr  avia-builder-el-first '><h3 class='av-special-heading-tag '  itemprop=\"headline\"  >Entrenamiento Especializado para Inseminaci\u00f3n Artificial y Transferencia de Embriones<\/h3><div class=\"special-heading-border\"><div class=\"special-heading-inner-border\"><\/div><\/div><\/div><br \/>\n<div  class='hr av-f9lwtk-0602bb546f83c23e971dc2aaaaf813ac hr-default  avia-builder-el-3  el_after_av_heading  el_before_av_textblock '><span class='hr-inner '><span class=\"hr-inner-style\"><\/span><\/span><\/div><br \/>\n<section  class='av_textblock_section av-mi6lupvd-f8fd1ae47387a808498cebfaefe9d54f '   itemscope=\"itemscope\" itemtype=\"https:\/\/schema.org\/CreativeWork\" ><div class='avia_textblock'  itemprop=\"text\" ><p><span style=\"color: #000000;\"><em>El Entrenamiento Especializado para Inseminaci\u00f3n Artificial (IA) y Transferencia de Embriones (TE) es un componente formativo cr\u00edtico que va m\u00e1s all\u00e1 de la teor\u00eda, centr\u00e1ndose en el desarrollo de habilidades profesionales concretas y aplicables. Estos son cursos intensamente pr\u00e1cticos dise\u00f1ados para que los participantes dominen el ciclo completo de ambas t\u00e9cnicas. La formaci\u00f3n abarca desde los aspectos de laboratorio, como la correcta manipulaci\u00f3n y preparaci\u00f3n del material biol\u00f3gico (semen, pajuelas, embriones y equipos), hasta la ejecuci\u00f3n pr\u00e1ctica en campo sobre los animales. El objetivo primordial es que los t\u00e9cnicos y veterinarios puedan llevar a cabo estos procedimientos con la m\u00e1xima precisi\u00f3n requerida para obtener altas tasas de \u00e9xito.<\/em><\/span><\/p>\n<\/div><\/section><\/p>\n<\/div><\/div>\n<style type=\"text\/css\" data-created_by=\"avia_inline_auto\" id=\"style-css-av-dhpo6g-ddfcac56de81a2e5273becc06ac5c8ba\">\n.flex_cell.av-dhpo6g-ddfcac56de81a2e5273becc06ac5c8ba{\nvertical-align:middle;\nheight:0px;\nmin-height:0px;\nbackground:url(https:\/\/biogenmex.com\/wp-content\/uploads\/2025\/11\/7-1024x630.jpg) 50% 50% repeat scroll #8696a1;\n}\n.responsive #top #wrap_all .flex_cell.av-dhpo6g-ddfcac56de81a2e5273becc06ac5c8ba{\npadding:80px 80px 80px 80px !important;\n}\n<\/style>\n<div class='flex_cell av-dhpo6g-ddfcac56de81a2e5273becc06ac5c8ba av-gridrow-cell av_one_half no_margin  avia-builder-el-5  el_after_av_cell_one_half  avia-builder-el-last  content-align-middle'  ><div class='flex_cell_inner'><\/div><\/div><\/div><div id='av_section_1'  class='avia-section av-but9aw-f8b45d048f738da23367c2579f7d172a main_color avia-section-huge avia-no-border-styling  avia-builder-el-6  el_after_av_layout_row  avia-builder-el-last  avia-bg-style-scroll container_wrap sidebar_right'  ><div class='container av-section-cont-open' ><div class='template-page content  av-content-small alpha units'><div class='post-entry post-entry-type-page post-entry-1496'><div class='entry-content-wrapper clearfix'>\n<div class='flex_column_table av-arindk-dd6810903b6a7e5204b5890192a51aef sc-av_one_fourth av-equal-height-column-flextable'>\n<style type=\"text\/css\" data-created_by=\"avia_inline_auto\" id=\"style-css-av-arindk-dd6810903b6a7e5204b5890192a51aef\">\n#top .flex_column_table.av-equal-height-column-flextable.av-arindk-dd6810903b6a7e5204b5890192a51aef{\nmargin-top:-200px;\nmargin-bottom:0;\n}\n<\/style>\n<div  class='flex_column av-arindk-dd6810903b6a7e5204b5890192a51aef av_one_fourth  avia-builder-el-7  el_before_av_one_half  avia-builder-el-first  first no_margin flex_column_table_cell av-equal-height-column av-align-top  '     ><\/div>\n<style type=\"text\/css\" data-created_by=\"avia_inline_auto\" id=\"style-css-av-95q3oo-a826981892641eb3c8348545a3601776\">\n#top .flex_column_table.av-equal-height-column-flextable.av-95q3oo-a826981892641eb3c8348545a3601776{\nmargin-top:-200px;\nmargin-bottom:0;\n}\n.flex_column.av-95q3oo-a826981892641eb3c8348545a3601776{\npadding:30px 30px 30px 30px;\nbackground-color:#8695a3;\n}\n<\/style>\n<div  class='flex_column av-95q3oo-a826981892641eb3c8348545a3601776 av_one_half  avia-builder-el-8  el_after_av_one_fourth  el_before_av_one_fourth  no_margin flex_column_table_cell av-equal-height-column av-align-top  '     ><p>\n<style type=\"text\/css\" data-created_by=\"avia_inline_auto\" id=\"style-css-av-6s596w-9c7b9d674b0a81dec9c4f5e0beea7a3f\">\n.av_font_icon.av-6s596w-9c7b9d674b0a81dec9c4f5e0beea7a3f{\ncolor:#ffffff;\nborder-color:#ffffff;\n}\n.avia-svg-icon.av-6s596w-9c7b9d674b0a81dec9c4f5e0beea7a3f svg:first-child{\nstroke:#ffffff;\nfill:#ffffff;\n}\n.av_font_icon.av-6s596w-9c7b9d674b0a81dec9c4f5e0beea7a3f .av-icon-char{\nfont-size:40px;\n}\n<\/style>\n<span  class='av_font_icon av-6s596w-9c7b9d674b0a81dec9c4f5e0beea7a3f avia_animate_when_visible av-icon-style- avia-icon-pos-center avia-svg-icon avia-font-svg_entypo-fontello avia-icon-animate'><span class='av-icon-char' data-av_svg_icon='resize-small' data-av_iconset='svg_entypo-fontello' ><svg version=\"1.1\" xmlns=\"http:\/\/www.w3.org\/2000\/svg\" width=\"29\" height=\"32\" viewBox=\"0 0 29 32\" preserveAspectRatio=\"xMidYMid meet\" aria-labelledby='av-svg-title-1' aria-describedby='av-svg-desc-1' role=\"graphics-symbol\" aria-hidden=\"true\">\n<title id='av-svg-title-1'>Resize-small<\/title>\n<desc id='av-svg-desc-1'>Resize-small<\/desc>\n<path d=\"M4.992 22.528l-3.392-3.2h9.472v9.472l-3.2-3.392-4.672 4.992-3.2-3.2zM28.8 4.8l-4.928 4.608 3.328 3.2h-9.408v-9.408l3.2 3.328 4.608-4.928z\"><\/path>\n<\/svg><\/span><\/span><br \/>\n\n<style type=\"text\/css\" data-created_by=\"avia_inline_auto\" id=\"style-css-av-6avonc-79763e11fa3dc54bd0a4edb072324e33\">\n#top .hr.hr-invisible.av-6avonc-79763e11fa3dc54bd0a4edb072324e33{\nheight:8px;\n}\n<\/style>\n<div  class='hr av-6avonc-79763e11fa3dc54bd0a4edb072324e33 hr-invisible  avia-builder-el-10  el_after_av_font_icon  el_before_av_textblock '><span class='hr-inner '><span class=\"hr-inner-style\"><\/span><\/span><\/div><br \/>\n<section  class='av_textblock_section av-mi6lv66d-53a9e274d7fab3b227f8e7e690f9a3d4 '   itemscope=\"itemscope\" itemtype=\"https:\/\/schema.org\/CreativeWork\" ><div class='avia_textblock'  itemprop=\"text\" ><p><span style=\"color: #ffffff;\">El Entrenamiento Especializado para Inseminaci\u00f3n Artificial (IA) y Transferencia de Embriones (TE) es un componente formativo cr\u00edtico que va m\u00e1s all\u00e1 de la teor\u00eda, centr\u00e1ndose en el desarrollo de habilidades profesionales concretas y aplicables. Estos son cursos intensamente pr\u00e1cticos dise\u00f1ados para que los participantes dominen el ciclo completo de ambas t\u00e9cnicas. La formaci\u00f3n abarca desde los aspectos de laboratorio, como la correcta manipulaci\u00f3n y preparaci\u00f3n del material biol\u00f3gico (semen, pajuelas, embriones y equipos), hasta la ejecuci\u00f3n pr\u00e1ctica en campo sobre los animales. El objetivo primordial es que los t\u00e9cnicos y veterinarios puedan llevar a cabo estos procedimientos con la m\u00e1xima precisi\u00f3n requerida para obtener altas tasas de \u00e9xito.<\/span><\/p>\n<\/div><\/section><br \/>\n\n<style type=\"text\/css\" data-created_by=\"avia_inline_auto\" id=\"style-css-av-4x7hnc-d54e43eb4d353ca7c8576fb5f9880adc\">\n#top .hr.hr-invisible.av-4x7hnc-d54e43eb4d353ca7c8576fb5f9880adc{\nheight:20px;\n}\n<\/style>\n<div  class='hr av-4x7hnc-d54e43eb4d353ca7c8576fb5f9880adc hr-invisible  avia-builder-el-12  el_after_av_textblock  avia-builder-el-last '><span class='hr-inner '><span class=\"hr-inner-style\"><\/span><\/span><\/div><\/p><\/div>\n<style type=\"text\/css\" data-created_by=\"avia_inline_auto\" id=\"style-css-av-79b0o-2c5feb49e8ba038724efb1b7324176d4\">\n#top .flex_column_table.av-equal-height-column-flextable.av-79b0o-2c5feb49e8ba038724efb1b7324176d4{\nmargin-top:-200px;\nmargin-bottom:0;\n}\n<\/style>\n<div  class='flex_column av-79b0o-2c5feb49e8ba038724efb1b7324176d4 av_one_fourth  avia-builder-el-13  el_after_av_one_half  avia-builder-el-last  no_margin flex_column_table_cell av-equal-height-column av-align-top  '     ><\/div><\/div><!--close column table wrapper. Autoclose: 1 -->\n<\/div><\/div><\/div><!-- close content main div --><\/div><\/div><div id='after_section_1'  class='main_color av_default_container_wrap container_wrap sidebar_right'  ><div class='container av-section-cont-open' ><div class='template-page content  av-content-small alpha units'><div class='post-entry post-entry-type-page post-entry-1496'><div class='entry-content-wrapper clearfix'><\/p>\n","protected":false},"excerpt":{"rendered":"","protected":false},"author":1,"featured_media":0,"parent":0,"menu_order":0,"comment_status":"closed","ping_status":"closed","template":"","meta":{"footnotes":""},"class_list":["post-1496","page","type-page","status-publish","hentry"],"_links":{"self":[{"href":"https:\/\/biogenmex.com\/index.php?rest_route=\/wp\/v2\/pages\/1496","targetHints":{"allow":["GET"]}}],"collection":[{"href":"https:\/\/biogenmex.com\/index.php?rest_route=\/wp\/v2\/pages"}],"about":[{"href":"https:\/\/biogenmex.com\/index.php?rest_route=\/wp\/v2\/types\/page"}],"author":[{"embeddable":true,"href":"https:\/\/biogenmex.com\/index.php?rest_route=\/wp\/v2\/users\/1"}],"replies":[{"embeddable":true,"href":"https:\/\/biogenmex.com\/index.php?rest_route=%2Fwp%2Fv2%2Fcomments&post=1496"}],"version-history":[{"count":2,"href":"https:\/\/biogenmex.com\/index.php?rest_route=\/wp\/v2\/pages\/1496\/revisions"}],"predecessor-version":[{"id":1540,"href":"https:\/\/biogenmex.com\/index.php?rest_route=\/wp\/v2\/pages\/1496\/revisions\/1540"}],"wp:attachment":[{"href":"https:\/\/biogenmex.com\/index.php?rest_route=%2Fwp%2Fv2%2Fmedia&parent=1496"}],"curies":[{"name":"wp","href":"https:\/\/api.w.org\/{rel}","templated":true}]}}