{"id":1494,"date":"2025-11-19T23:58:41","date_gmt":"2025-11-19T22:58:41","guid":{"rendered":"https:\/\/biogenmex.com\/?page_id=1494"},"modified":"2025-11-20T18:02:50","modified_gmt":"2025-11-20T17:02:50","slug":"capacitacion-tecnica-y-de-perfeccionamiento","status":"publish","type":"page","link":"https:\/\/biogenmex.com\/?page_id=1494","title":{"rendered":"Capacitaci\u00f3n (T\u00e9cnica y de Perfeccionamiento)"},"content":{"rendered":"<div id='av-layout-grid-1'  class='av-layout-grid-container av-iewhiu-e62d37518e40c8bdede42b36771241d0 entry-content-wrapper main_color av-flex-cells  avia-builder-el-0  el_before_av_section  avia-builder-el-first   container_wrap sidebar_right'  >\n\n<style type=\"text\/css\" data-created_by=\"avia_inline_auto\" id=\"style-css-av-1pjto6-a2a29f19d4abc13a1855b520c2fc3eda\">\n.flex_cell.av-1pjto6-a2a29f19d4abc13a1855b520c2fc3eda{\nvertical-align:middle;\nheight:0px;\nmin-height:0px;\nbackground:url(https:\/\/biogenmex.com\/wp-content\/uploads\/2025\/11\/6-750x423.jpg) 50% 50% no-repeat scroll #ffffff;\n}\n.responsive #top #wrap_all .flex_cell.av-1pjto6-a2a29f19d4abc13a1855b520c2fc3eda{\npadding:80px 80px 80px 80px !important;\n}\n<\/style>\n<div class='flex_cell av-1pjto6-a2a29f19d4abc13a1855b520c2fc3eda av-gridrow-cell av_one_half no_margin  avia-builder-el-1  el_before_av_cell_one_half  avia-builder-el-first  content-align-middle avia-full-stretch'  ><div class='flex_cell_inner'><\/div><\/div>\n<style type=\"text\/css\" data-created_by=\"avia_inline_auto\" id=\"style-css-av-f45smu-30f3afdb29766cbbcc6b86abe45a739f\">\n.flex_cell.av-f45smu-30f3afdb29766cbbcc6b86abe45a739f{\nvertical-align:middle;\nheight:0px;\nmin-height:0px;\nbackground-color:#ffffff;\n}\n.responsive #top #wrap_all .flex_cell.av-f45smu-30f3afdb29766cbbcc6b86abe45a739f{\npadding:80px 80px 80px 80px !important;\n}\n<\/style>\n<div class='flex_cell av-f45smu-30f3afdb29766cbbcc6b86abe45a739f av-gridrow-cell av_one_half no_margin  avia-builder-el-2  el_after_av_cell_one_half  avia-builder-el-last  content-align-middle'  ><div class='flex_cell_inner'><p>\n<style type=\"text\/css\" data-created_by=\"avia_inline_auto\" id=\"style-css-av-mi6lro3l-c2ebbf25844a96c66246682a00179636\">\n#top .av-special-heading.av-mi6lro3l-c2ebbf25844a96c66246682a00179636{\npadding-bottom:10px;\ncolor:#020202;\n}\nbody .av-special-heading.av-mi6lro3l-c2ebbf25844a96c66246682a00179636 .av-special-heading-tag .heading-char{\nfont-size:25px;\n}\n.av-special-heading.av-mi6lro3l-c2ebbf25844a96c66246682a00179636 .special-heading-inner-border{\nborder-color:#020202;\n}\n.av-special-heading.av-mi6lro3l-c2ebbf25844a96c66246682a00179636 .av-subheading{\nfont-size:15px;\n}\n<\/style>\n<div  class='av-special-heading av-mi6lro3l-c2ebbf25844a96c66246682a00179636 av-special-heading-h3 custom-color-heading  avia-builder-el-3  el_before_av_hr  avia-builder-el-first '><h3 class='av-special-heading-tag '  itemprop=\"headline\"  >Capacitaci\u00f3n (T\u00e9cnica y de Perfeccionamiento)<\/h3><div class=\"special-heading-border\"><div class=\"special-heading-inner-border\"><\/div><\/div><\/div><br \/>\n<div  class='hr av-dxi352-6f5c09351d8bc0cf5e21c4bac3f0f03c hr-default  avia-builder-el-4  el_after_av_heading  el_before_av_textblock '><span class='hr-inner '><span class=\"hr-inner-style\"><\/span><\/span><\/div><br \/>\n<section  class='av_textblock_section av-mi6ls6wa-226e58696bf40dbeeaeb64f1d4ee5a6a '   itemscope=\"itemscope\" itemtype=\"https:\/\/schema.org\/CreativeWork\" ><div class='avia_textblock'  itemprop=\"text\" ><p><em><span style=\"color: #000000;\">Los programas de Capacitaci\u00f3n (T\u00e9cnica y de Perfeccionamiento) representan un pilar esencial para la correcta y exitosa aplicaci\u00f3n de las biotecnolog\u00edas reproductivas en el sector ganadero. Estos programas formativos est\u00e1n dise\u00f1ados meticulosamente para abordar las necesidades de productores, m\u00e9dicos veterinarios y t\u00e9cnicos de campo, ofreciendo una actualizaci\u00f3n constante y profunda. El contenido se centra en \u00e1reas cr\u00edticas como el dominio de la biotecnolog\u00eda reproductiva (incluyendo OPU, FIV, e IA), el manejo gen\u00e9tico avanzado y la optimizaci\u00f3n de los protocolos de reproducci\u00f3n bovina. El objetivo final de estos cursos es transformar el conocimiento te\u00f3rico en habilidades pr\u00e1cticas y efectivas.<\/span><\/em><\/p>\n<\/div><\/section><\/p>\n<\/div><\/div><\/div><div id='av_section_1'  class='avia-section av-d2uox2-fb39cd0b9d59fe3f67714177bf50b601 main_color avia-section-huge avia-no-border-styling  avia-builder-el-6  el_after_av_layout_row  avia-builder-el-last  avia-bg-style-scroll container_wrap sidebar_right'  ><div class='container av-section-cont-open' ><div class='template-page content  av-content-small alpha units'><div class='post-entry post-entry-type-page post-entry-1494'><div class='entry-content-wrapper clearfix'>\n<div class='flex_column_table av-ax8mhy-a19ec467113f5936fd9b436aaa6464eb sc-av_one_fourth av-equal-height-column-flextable'>\n<style type=\"text\/css\" data-created_by=\"avia_inline_auto\" id=\"style-css-av-ax8mhy-a19ec467113f5936fd9b436aaa6464eb\">\n#top .flex_column_table.av-equal-height-column-flextable.av-ax8mhy-a19ec467113f5936fd9b436aaa6464eb{\nmargin-top:-200px;\nmargin-bottom:0;\n}\n<\/style>\n<div  class='flex_column av-ax8mhy-a19ec467113f5936fd9b436aaa6464eb av_one_fourth  avia-builder-el-7  el_before_av_one_half  avia-builder-el-first  first no_margin flex_column_table_cell av-equal-height-column av-align-top  '     ><\/div>\n<style type=\"text\/css\" data-created_by=\"avia_inline_auto\" id=\"style-css-av-92vv4m-62cb319a2d462f74e981db135a4634b6\">\n#top .flex_column_table.av-equal-height-column-flextable.av-92vv4m-62cb319a2d462f74e981db135a4634b6{\nmargin-top:-200px;\nmargin-bottom:0;\n}\n.flex_column.av-92vv4m-62cb319a2d462f74e981db135a4634b6{\npadding:30px 30px 30px 30px;\nbackground-color:#8695a3;\n}\n<\/style>\n<div  class='flex_column av-92vv4m-62cb319a2d462f74e981db135a4634b6 av_one_half  avia-builder-el-8  el_after_av_one_fourth  el_before_av_one_fourth  no_margin flex_column_table_cell av-equal-height-column av-align-top  '     ><p>\n<style type=\"text\/css\" data-created_by=\"avia_inline_auto\" id=\"style-css-av-s74d2-1b103f94c69251b15e08bff931e39c53\">\n.av_font_icon.av-s74d2-1b103f94c69251b15e08bff931e39c53{\ncolor:#ffffff;\nborder-color:#ffffff;\n}\n.avia-svg-icon.av-s74d2-1b103f94c69251b15e08bff931e39c53 svg:first-child{\nstroke:#ffffff;\nfill:#ffffff;\n}\n.av_font_icon.av-s74d2-1b103f94c69251b15e08bff931e39c53 .av-icon-char{\nfont-size:40px;\n}\n<\/style>\n<span  class='av_font_icon av-s74d2-1b103f94c69251b15e08bff931e39c53 avia_animate_when_visible av-icon-style- avia-icon-pos-center avia-svg-icon avia-font-svg_entypo-fontello avia-icon-animate'><span class='av-icon-char' data-av_svg_icon='spotify' data-av_iconset='svg_entypo-fontello' ><svg version=\"1.1\" xmlns=\"http:\/\/www.w3.org\/2000\/svg\" width=\"28\" height=\"32\" viewBox=\"0 0 28 32\" preserveAspectRatio=\"xMidYMid meet\" aria-labelledby='av-svg-title-1' aria-describedby='av-svg-desc-1' role=\"graphics-symbol\" aria-hidden=\"true\">\n<title id='av-svg-title-1'>Spotify<\/title>\n<desc id='av-svg-desc-1'>Spotify<\/desc>\n<path d=\"M14.080 1.92q5.824 0 9.952 4.128t4.128 9.952q0 3.52-1.632 6.56t-4.448 5.024q-3.2-5.44-9.92-5.632-5.184-0.192-8.704 3.328-3.456-3.968-3.456-9.28 0-5.888 4.096-9.984t9.984-4.096zM20.928 20.992q0.512-0.704-0.256-1.216-5.504-3.392-13.504-1.536-0.832 0.256-0.64 1.024 0.192 0.832 1.024 0.704 7.296-1.728 12.224 1.28 0.704 0.448 1.152-0.256zM22.656 17.024q0.576-0.96-0.384-1.536-3.2-1.984-7.52-2.464t-8.032 0.608q-1.024 0.32-0.768 1.408 0.384 1.024 1.344 0.704 3.328-1.024 7.2-0.576t6.688 2.176q0.896 0.64 1.472-0.32zM22.784 12.864q1.088 0.64 1.792-0.448 0.64-1.088-0.448-1.792-3.712-2.176-9.216-2.624t-9.024 0.768q-0.448 0.128-0.704 0.608t-0.128 0.992q0.32 1.216 1.6 0.896 3.008-1.088 7.968-0.704t8.16 2.304zM12.032 26.112q3.84 0.192 5.504 3.52-2.048 0.448-3.456 0.448-3.648 0-6.848-1.792 1.856-2.304 4.8-2.176z\"><\/path>\n<\/svg><\/span><\/span><br \/>\n\n<style type=\"text\/css\" data-created_by=\"avia_inline_auto\" id=\"style-css-av-5vnufa-3d5dd1a3a1f24bb576cdc36ef0b2ba31\">\n#top .hr.hr-invisible.av-5vnufa-3d5dd1a3a1f24bb576cdc36ef0b2ba31{\nheight:8px;\n}\n<\/style>\n<div  class='hr av-5vnufa-3d5dd1a3a1f24bb576cdc36ef0b2ba31 hr-invisible  avia-builder-el-10  el_after_av_font_icon  el_before_av_textblock '><span class='hr-inner '><span class=\"hr-inner-style\"><\/span><\/span><\/div><br \/>\n<section  class='av_textblock_section av-mi6lst1r-1ff18a4674cf6882b3734ab94ae3f00c '   itemscope=\"itemscope\" itemtype=\"https:\/\/schema.org\/CreativeWork\" ><div class='avia_textblock'  itemprop=\"text\" ><p><span style=\"color: #ffffff;\">La inversi\u00f3n en esta capacitaci\u00f3n continua es fundamental para elevar la calidad del trabajo en campo y asegurar que las tecnolog\u00edas costosas y complejas se implementen con la m\u00e1xima eficiencia. Al fortalecer las competencias del personal, se reduce la tasa de errores en procedimientos clave, se mejoran las tasas de concepci\u00f3n y se optimiza el uso de los recursos gen\u00e9ticos de alto valor. En \u00faltima instancia, estos programas de perfeccionamiento garantizan que los avances cient\u00edficos se traduzcan en un incremento real y sostenible en la productividad, rentabilidad y competitividad de la explotaci\u00f3n ganadera.<\/span><\/p>\n<\/div><\/section><br \/>\n\n<style type=\"text\/css\" data-created_by=\"avia_inline_auto\" id=\"style-css-av-3tbvjq-a8f200045c36621f9f8eae8c9beb9c28\">\n#top .hr.hr-invisible.av-3tbvjq-a8f200045c36621f9f8eae8c9beb9c28{\nheight:20px;\n}\n<\/style>\n<div  class='hr av-3tbvjq-a8f200045c36621f9f8eae8c9beb9c28 hr-invisible  avia-builder-el-12  el_after_av_textblock  avia-builder-el-last '><span class='hr-inner '><span class=\"hr-inner-style\"><\/span><\/span><\/div><\/p><\/div>\n<style type=\"text\/css\" data-created_by=\"avia_inline_auto\" id=\"style-css-av-31j5ba-e7714602f5e28c5a714476cfbb69a0fa\">\n#top .flex_column_table.av-equal-height-column-flextable.av-31j5ba-e7714602f5e28c5a714476cfbb69a0fa{\nmargin-top:-200px;\nmargin-bottom:0;\n}\n<\/style>\n<div  class='flex_column av-31j5ba-e7714602f5e28c5a714476cfbb69a0fa av_one_fourth  avia-builder-el-13  el_after_av_one_half  avia-builder-el-last  no_margin flex_column_table_cell av-equal-height-column av-align-top  '     ><\/div><\/div><!--close column table wrapper. Autoclose: 1 -->\n<\/div><\/div><\/div><!-- close content main div --><\/div><\/div><div id='after_section_1'  class='main_color av_default_container_wrap container_wrap sidebar_right'  ><div class='container av-section-cont-open' ><div class='template-page content  av-content-small alpha units'><div class='post-entry post-entry-type-page post-entry-1494'><div class='entry-content-wrapper clearfix'><\/p>\n","protected":false},"excerpt":{"rendered":"","protected":false},"author":1,"featured_media":0,"parent":0,"menu_order":0,"comment_status":"closed","ping_status":"closed","template":"","meta":{"footnotes":""},"class_list":["post-1494","page","type-page","status-publish","hentry"],"_links":{"self":[{"href":"https:\/\/biogenmex.com\/index.php?rest_route=\/wp\/v2\/pages\/1494","targetHints":{"allow":["GET"]}}],"collection":[{"href":"https:\/\/biogenmex.com\/index.php?rest_route=\/wp\/v2\/pages"}],"about":[{"href":"https:\/\/biogenmex.com\/index.php?rest_route=\/wp\/v2\/types\/page"}],"author":[{"embeddable":true,"href":"https:\/\/biogenmex.com\/index.php?rest_route=\/wp\/v2\/users\/1"}],"replies":[{"embeddable":true,"href":"https:\/\/biogenmex.com\/index.php?rest_route=%2Fwp%2Fv2%2Fcomments&post=1494"}],"version-history":[{"count":2,"href":"https:\/\/biogenmex.com\/index.php?rest_route=\/wp\/v2\/pages\/1494\/revisions"}],"predecessor-version":[{"id":1535,"href":"https:\/\/biogenmex.com\/index.php?rest_route=\/wp\/v2\/pages\/1494\/revisions\/1535"}],"wp:attachment":[{"href":"https:\/\/biogenmex.com\/index.php?rest_route=%2Fwp%2Fv2%2Fmedia&parent=1494"}],"curies":[{"name":"wp","href":"https:\/\/api.w.org\/{rel}","templated":true}]}}