{"id":1492,"date":"2025-11-19T23:56:22","date_gmt":"2025-11-19T22:56:22","guid":{"rendered":"https:\/\/biogenmex.com\/?page_id=1492"},"modified":"2025-11-20T18:04:59","modified_gmt":"2025-11-20T17:04:59","slug":"inseminacion-artificial-ia","status":"publish","type":"page","link":"https:\/\/biogenmex.com\/?page_id=1492","title":{"rendered":"Inseminaci\u00f3n Artificial (IA)"},"content":{"rendered":"<div id='av-layout-grid-1'  class='av-layout-grid-container av-1z2jms-11a8c43e271da16d773f84fb6389a554 entry-content-wrapper main_color av-flex-cells  avia-builder-el-0  el_before_av_section  avia-builder-el-first   container_wrap sidebar_right'  >\n\n<style type=\"text\/css\" data-created_by=\"avia_inline_auto\" id=\"style-css-av-hubqus-88823d38d3a2eee422e84768856c5445\">\n.flex_cell.av-hubqus-88823d38d3a2eee422e84768856c5445{\nvertical-align:middle;\nheight:0px;\nmin-height:0px;\nbackground-color:#ffffff;\n}\n.responsive #top #wrap_all .flex_cell.av-hubqus-88823d38d3a2eee422e84768856c5445{\npadding:80px 80px 80px 80px !important;\n}\n<\/style>\n<div class='flex_cell av-hubqus-88823d38d3a2eee422e84768856c5445 av-gridrow-cell av_one_half no_margin  avia-builder-el-1  el_before_av_cell_one_half  avia-builder-el-first  content-align-middle avia-full-stretch'  ><div class='flex_cell_inner'><p>\n<style type=\"text\/css\" data-created_by=\"avia_inline_auto\" id=\"style-css-av-mi6lox7d-47ac485fda689103bbe95511fc4d1ec3\">\n#top .av-special-heading.av-mi6lox7d-47ac485fda689103bbe95511fc4d1ec3{\npadding-bottom:10px;\ncolor:#020202;\n}\nbody .av-special-heading.av-mi6lox7d-47ac485fda689103bbe95511fc4d1ec3 .av-special-heading-tag .heading-char{\nfont-size:25px;\n}\n.av-special-heading.av-mi6lox7d-47ac485fda689103bbe95511fc4d1ec3 .special-heading-inner-border{\nborder-color:#020202;\n}\n.av-special-heading.av-mi6lox7d-47ac485fda689103bbe95511fc4d1ec3 .av-subheading{\nfont-size:15px;\n}\n<\/style>\n<div  class='av-special-heading av-mi6lox7d-47ac485fda689103bbe95511fc4d1ec3 av-special-heading-h3 custom-color-heading  avia-builder-el-2  el_before_av_hr  avia-builder-el-first '><h3 class='av-special-heading-tag '  itemprop=\"headline\"  >Inseminaci\u00f3n Artificial (IA)<\/h3><div class=\"special-heading-border\"><div class=\"special-heading-inner-border\"><\/div><\/div><\/div><br \/>\n<div  class='hr av-faak5w-c1e9ecd97ab4b025acffd409d55a7fab hr-default  avia-builder-el-3  el_after_av_heading  el_before_av_textblock '><span class='hr-inner '><span class=\"hr-inner-style\"><\/span><\/span><\/div><br \/>\n<section  class='av_textblock_section av-mi6lpdsf-7c4be2cb99b64f9f064d69eb83167ce3 '   itemscope=\"itemscope\" itemtype=\"https:\/\/schema.org\/CreativeWork\" ><div class='avia_textblock'  itemprop=\"text\" ><p><span style=\"color: #000000;\"><em>La Inseminaci\u00f3n Artificial (IA) es el m\u00e9todo de reproducci\u00f3n asistida m\u00e1s ampliamente adoptado y consolidado en la ganader\u00eda moderna. Consiste en un procedimiento controlado y seguro cuyo objetivo principal es depositar semen de un toro seleccionado directamente en el tracto reproductivo de la hembra. La clave de su eficacia radica en realizar esta deposici\u00f3n en el momento \u00f3ptimo de fertilidad de la hembra, lo que suele requerir la detecci\u00f3n precisa del celo o el uso de protocolos de sincronizaci\u00f3n hormonal.<\/em><\/span><\/p>\n<\/div><\/section><\/p>\n<\/div><\/div>\n<style type=\"text\/css\" data-created_by=\"avia_inline_auto\" id=\"style-css-av-dv6plg-8504de8aafb4627444a1665e8bd39ff4\">\n.flex_cell.av-dv6plg-8504de8aafb4627444a1665e8bd39ff4{\nvertical-align:middle;\nheight:0px;\nmin-height:0px;\nbackground:url(https:\/\/biogenmex.com\/wp-content\/uploads\/2025\/11\/5.webp) 50% 50% repeat scroll #8696a1;\n}\n.responsive #top #wrap_all .flex_cell.av-dv6plg-8504de8aafb4627444a1665e8bd39ff4{\npadding:80px 80px 80px 80px !important;\n}\n<\/style>\n<div class='flex_cell av-dv6plg-8504de8aafb4627444a1665e8bd39ff4 av-gridrow-cell av_one_half no_margin  avia-builder-el-5  el_after_av_cell_one_half  avia-builder-el-last  content-align-middle'  ><div class='flex_cell_inner'><\/div><\/div><\/div><div id='av_section_1'  class='avia-section av-cl4tyc-037ad50762fb559533cedbf24f5d6a3a main_color avia-section-huge avia-no-border-styling  avia-builder-el-6  el_after_av_layout_row  avia-builder-el-last  avia-bg-style-scroll container_wrap sidebar_right'  ><div class='container av-section-cont-open' ><div class='template-page content  av-content-small alpha units'><div class='post-entry post-entry-type-page post-entry-1492'><div class='entry-content-wrapper clearfix'>\n<div class='flex_column_table av-adqofo-9f3ac583fc8156c00acc406d045de6a9 sc-av_one_fourth av-equal-height-column-flextable'>\n<style type=\"text\/css\" data-created_by=\"avia_inline_auto\" id=\"style-css-av-adqofo-9f3ac583fc8156c00acc406d045de6a9\">\n#top .flex_column_table.av-equal-height-column-flextable.av-adqofo-9f3ac583fc8156c00acc406d045de6a9{\nmargin-top:-200px;\nmargin-bottom:0;\n}\n<\/style>\n<div  class='flex_column av-adqofo-9f3ac583fc8156c00acc406d045de6a9 av_one_fourth  avia-builder-el-7  el_before_av_one_half  avia-builder-el-first  first no_margin flex_column_table_cell av-equal-height-column av-align-top  '     ><\/div>\n<style type=\"text\/css\" data-created_by=\"avia_inline_auto\" id=\"style-css-av-x9ipw-78f981e6d85c37878fa86b063a3542b6\">\n#top .flex_column_table.av-equal-height-column-flextable.av-x9ipw-78f981e6d85c37878fa86b063a3542b6{\nmargin-top:-200px;\nmargin-bottom:0;\n}\n.flex_column.av-x9ipw-78f981e6d85c37878fa86b063a3542b6{\npadding:30px 30px 30px 30px;\nbackground-color:#8695a3;\n}\n<\/style>\n<div  class='flex_column av-x9ipw-78f981e6d85c37878fa86b063a3542b6 av_one_half  avia-builder-el-8  el_after_av_one_fourth  el_before_av_one_fourth  no_margin flex_column_table_cell av-equal-height-column av-align-top  '     ><p>\n<style type=\"text\/css\" data-created_by=\"avia_inline_auto\" id=\"style-css-av-7t6ug4-7ea11bfa4ab828b0cd3e0f3984bf7477\">\n.av_font_icon.av-7t6ug4-7ea11bfa4ab828b0cd3e0f3984bf7477{\ncolor:#ffffff;\nborder-color:#ffffff;\n}\n.avia-svg-icon.av-7t6ug4-7ea11bfa4ab828b0cd3e0f3984bf7477 svg:first-child{\nstroke:#ffffff;\nfill:#ffffff;\n}\n.av_font_icon.av-7t6ug4-7ea11bfa4ab828b0cd3e0f3984bf7477 .av-icon-char{\nfont-size:40px;\n}\n<\/style>\n<span  class='av_font_icon av-7t6ug4-7ea11bfa4ab828b0cd3e0f3984bf7477 avia_animate_when_visible av-icon-style- avia-icon-pos-center avia-svg-icon avia-font-svg_entypo-fontello avia-icon-animate'><span class='av-icon-char' data-av_svg_icon='resize-small' data-av_iconset='svg_entypo-fontello' ><svg version=\"1.1\" xmlns=\"http:\/\/www.w3.org\/2000\/svg\" width=\"29\" height=\"32\" viewBox=\"0 0 29 32\" preserveAspectRatio=\"xMidYMid meet\" aria-labelledby='av-svg-title-1' aria-describedby='av-svg-desc-1' role=\"graphics-symbol\" aria-hidden=\"true\">\n<title id='av-svg-title-1'>Resize-small<\/title>\n<desc id='av-svg-desc-1'>Resize-small<\/desc>\n<path d=\"M4.992 22.528l-3.392-3.2h9.472v9.472l-3.2-3.392-4.672 4.992-3.2-3.2zM28.8 4.8l-4.928 4.608 3.328 3.2h-9.408v-9.408l3.2 3.328 4.608-4.928z\"><\/path>\n<\/svg><\/span><\/span><br \/>\n\n<style type=\"text\/css\" data-created_by=\"avia_inline_auto\" id=\"style-css-av-6gq5t0-51a89fe9ebbbe83aa283b3ea27974216\">\n#top .hr.hr-invisible.av-6gq5t0-51a89fe9ebbbe83aa283b3ea27974216{\nheight:8px;\n}\n<\/style>\n<div  class='hr av-6gq5t0-51a89fe9ebbbe83aa283b3ea27974216 hr-invisible  avia-builder-el-10  el_after_av_font_icon  el_before_av_textblock '><span class='hr-inner '><span class=\"hr-inner-style\"><\/span><\/span><\/div><br \/>\n<section  class='av_textblock_section av-mi6lpz4s-0c3803df46c28b2545e0105dc5721ff4 '   itemscope=\"itemscope\" itemtype=\"https:\/\/schema.org\/CreativeWork\" ><div class='avia_textblock'  itemprop=\"text\" ><p><span style=\"color: #ffffff;\">La implementaci\u00f3n estrat\u00e9gica de la IA ofrece beneficios sustanciales que van m\u00e1s all\u00e1 de una simple reproducci\u00f3n. Por un lado, permite una mejora gen\u00e9tica acelerada y predecible del hato, ya que el ganadero puede utilizar semen de toros de alto valor gen\u00e9tico probados, sin incurrir en la compra o el mantenimiento f\u00edsico de esos animales. Esto se traduce en una reducci\u00f3n significativa de los costos de manejo asociados a la tenencia de toros y en una mayor seguridad en la granja. Adicionalmente, la IA facilita una mejor planificaci\u00f3n reproductiva, permitiendo que los partos se concentren en \u00e9pocas espec\u00edficas, optimizando as\u00ed el manejo de las cr\u00edas y los recursos de alimentaci\u00f3n.<\/span><\/p>\n<\/div><\/section><br \/>\n\n<style type=\"text\/css\" data-created_by=\"avia_inline_auto\" id=\"style-css-av-41fddg-7f4ad85b754e30fa80f0ee640a9c461c\">\n#top .hr.hr-invisible.av-41fddg-7f4ad85b754e30fa80f0ee640a9c461c{\nheight:20px;\n}\n<\/style>\n<div  class='hr av-41fddg-7f4ad85b754e30fa80f0ee640a9c461c hr-invisible  avia-builder-el-12  el_after_av_textblock  avia-builder-el-last '><span class='hr-inner '><span class=\"hr-inner-style\"><\/span><\/span><\/div><\/p><\/div>\n<style type=\"text\/css\" data-created_by=\"avia_inline_auto\" id=\"style-css-av-2j650k-b23c829fa7f7c32a613d3e6fbb28eb49\">\n#top .flex_column_table.av-equal-height-column-flextable.av-2j650k-b23c829fa7f7c32a613d3e6fbb28eb49{\nmargin-top:-200px;\nmargin-bottom:0;\n}\n<\/style>\n<div  class='flex_column av-2j650k-b23c829fa7f7c32a613d3e6fbb28eb49 av_one_fourth  avia-builder-el-13  el_after_av_one_half  avia-builder-el-last  no_margin flex_column_table_cell av-equal-height-column av-align-top  '     ><\/div><\/div><!--close column table wrapper. Autoclose: 1 -->\n<\/div><\/div><\/div><!-- close content main div --><\/div><\/div><div id='after_section_1'  class='main_color av_default_container_wrap container_wrap sidebar_right'  ><div class='container av-section-cont-open' ><div class='template-page content  av-content-small alpha units'><div class='post-entry post-entry-type-page post-entry-1492'><div class='entry-content-wrapper clearfix'><\/p>\n","protected":false},"excerpt":{"rendered":"","protected":false},"author":1,"featured_media":0,"parent":0,"menu_order":0,"comment_status":"closed","ping_status":"closed","template":"","meta":{"footnotes":""},"class_list":["post-1492","page","type-page","status-publish","hentry"],"_links":{"self":[{"href":"https:\/\/biogenmex.com\/index.php?rest_route=\/wp\/v2\/pages\/1492","targetHints":{"allow":["GET"]}}],"collection":[{"href":"https:\/\/biogenmex.com\/index.php?rest_route=\/wp\/v2\/pages"}],"about":[{"href":"https:\/\/biogenmex.com\/index.php?rest_route=\/wp\/v2\/types\/page"}],"author":[{"embeddable":true,"href":"https:\/\/biogenmex.com\/index.php?rest_route=\/wp\/v2\/users\/1"}],"replies":[{"embeddable":true,"href":"https:\/\/biogenmex.com\/index.php?rest_route=%2Fwp%2Fv2%2Fcomments&post=1492"}],"version-history":[{"count":3,"href":"https:\/\/biogenmex.com\/index.php?rest_route=\/wp\/v2\/pages\/1492\/revisions"}],"predecessor-version":[{"id":1539,"href":"https:\/\/biogenmex.com\/index.php?rest_route=\/wp\/v2\/pages\/1492\/revisions\/1539"}],"wp:attachment":[{"href":"https:\/\/biogenmex.com\/index.php?rest_route=%2Fwp%2Fv2%2Fmedia&parent=1492"}],"curies":[{"name":"wp","href":"https:\/\/api.w.org\/{rel}","templated":true}]}}