{"id":1488,"date":"2025-11-19T23:47:56","date_gmt":"2025-11-19T22:47:56","guid":{"rendered":"https:\/\/biogenmex.com\/?page_id=1488"},"modified":"2025-11-20T18:03:33","modified_gmt":"2025-11-20T17:03:33","slug":"fertilizacion-in-vitro-fiv","status":"publish","type":"page","link":"https:\/\/biogenmex.com\/?page_id=1488","title":{"rendered":"Fertilizaci\u00f3n In Vitro (FIV)"},"content":{"rendered":"<div id='av-layout-grid-1'  class='av-layout-grid-container av-jmjrvk-9815d173cd8374d2b359a4d3b5ca51ba entry-content-wrapper main_color av-flex-cells  avia-builder-el-0  el_before_av_section  avia-builder-el-first   container_wrap sidebar_right'  >\n\n<style type=\"text\/css\" data-created_by=\"avia_inline_auto\" id=\"style-css-av-1pzonk-3b44c2ba95c63eceff36bac31b83e0b3\">\n.flex_cell.av-1pzonk-3b44c2ba95c63eceff36bac31b83e0b3{\nvertical-align:middle;\nheight:0px;\nmin-height:0px;\nbackground-color:#ffffff;\n}\n.responsive #top #wrap_all .flex_cell.av-1pzonk-3b44c2ba95c63eceff36bac31b83e0b3{\npadding:80px 80px 80px 80px !important;\n}\n<\/style>\n<div class='flex_cell av-1pzonk-3b44c2ba95c63eceff36bac31b83e0b3 av-gridrow-cell av_one_half no_margin  avia-builder-el-1  el_before_av_cell_one_half  avia-builder-el-first  content-align-middle avia-full-stretch'  ><div class='flex_cell_inner'><p>\n<style type=\"text\/css\" data-created_by=\"avia_inline_auto\" id=\"style-css-av-mi6lf94z-8b52bae0f2df3b9c5954476e566c21a2\">\n#top .av-special-heading.av-mi6lf94z-8b52bae0f2df3b9c5954476e566c21a2{\npadding-bottom:10px;\ncolor:#020202;\n}\nbody .av-special-heading.av-mi6lf94z-8b52bae0f2df3b9c5954476e566c21a2 .av-special-heading-tag .heading-char{\nfont-size:25px;\n}\n.av-special-heading.av-mi6lf94z-8b52bae0f2df3b9c5954476e566c21a2 .special-heading-inner-border{\nborder-color:#020202;\n}\n.av-special-heading.av-mi6lf94z-8b52bae0f2df3b9c5954476e566c21a2 .av-subheading{\nfont-size:15px;\n}\n<\/style>\n<div  class='av-special-heading av-mi6lf94z-8b52bae0f2df3b9c5954476e566c21a2 av-special-heading-h3 custom-color-heading  avia-builder-el-2  el_before_av_hr  avia-builder-el-first '><h3 class='av-special-heading-tag '  itemprop=\"headline\"  >Fertilizaci\u00f3n In Vitro (FIV)<\/h3><div class=\"special-heading-border\"><div class=\"special-heading-inner-border\"><\/div><\/div><\/div><br \/>\n<div  class='hr av-fulvbk-aae4077178355394b2d11ceefcddd770 hr-default  avia-builder-el-3  el_after_av_heading  el_before_av_textblock '><span class='hr-inner '><span class=\"hr-inner-style\"><\/span><\/span><\/div><br \/>\n<section  class='av_textblock_section av-mi6le5mn-1dcbe8b1cbece0182c2a111a216d88e9 '   itemscope=\"itemscope\" itemtype=\"https:\/\/schema.org\/CreativeWork\" ><div class='avia_textblock'  itemprop=\"text\" ><p><span style=\"color: #000000;\"><em>La Fertilizaci\u00f3n In Vitro (FIV) es la etapa que sigue inmediatamente a la Aspiraci\u00f3n Folicular (OPU), actuando como el coraz\u00f3n del proceso biotecnol\u00f3gico para la mejora gen\u00e9tica bovina. Consiste en un procedimiento meticuloso donde los ovocitos recolectados de las vacas donadoras son llevados a un laboratorio especializado para ser fecundados. All\u00ed, se encuentran con el semen de toros seleccionados por su alto m\u00e9rito gen\u00e9tico, asegurando que la descendencia porte las caracter\u00edsticas deseadas. Este encuentro controlado da origen a la formaci\u00f3n de cigotos, los cuales son cultivados en condiciones \u00f3ptimas para su desarrollo.<\/em><\/span><\/p>\n<\/div><\/section><\/p>\n<\/div><\/div>\n<style type=\"text\/css\" data-created_by=\"avia_inline_auto\" id=\"style-css-av-dppqjk-0cf1c7b3f4f9791575668b57f928269d\">\n.flex_cell.av-dppqjk-0cf1c7b3f4f9791575668b57f928269d{\nvertical-align:middle;\nheight:0px;\nmin-height:0px;\nbackground:url(https:\/\/biogenmex.com\/wp-content\/uploads\/2025\/11\/3-940x630.jpg) 50% 50% repeat scroll #8696a1;\n}\n.responsive #top #wrap_all .flex_cell.av-dppqjk-0cf1c7b3f4f9791575668b57f928269d{\npadding:80px 80px 80px 80px !important;\n}\n<\/style>\n<div class='flex_cell av-dppqjk-0cf1c7b3f4f9791575668b57f928269d av-gridrow-cell av_one_half no_margin  avia-builder-el-5  el_after_av_cell_one_half  avia-builder-el-last  content-align-middle'  ><div class='flex_cell_inner'><\/div><\/div><\/div><div id='av_section_1'  class='avia-section av-cfv58w-acbb87f8998be0e45392a4ca6e7a9fd0 main_color avia-section-huge avia-no-border-styling  avia-builder-el-6  el_after_av_layout_row  avia-builder-el-last  avia-bg-style-scroll container_wrap sidebar_right'  ><div class='container av-section-cont-open' ><div class='template-page content  av-content-small alpha units'><div class='post-entry post-entry-type-page post-entry-1488'><div class='entry-content-wrapper clearfix'>\n<div class='flex_column_table av-b1p5tc-3daf67a93edf5dee44076c7be1c40cba sc-av_one_fourth av-equal-height-column-flextable'>\n<style type=\"text\/css\" data-created_by=\"avia_inline_auto\" id=\"style-css-av-b1p5tc-3daf67a93edf5dee44076c7be1c40cba\">\n#top .flex_column_table.av-equal-height-column-flextable.av-b1p5tc-3daf67a93edf5dee44076c7be1c40cba{\nmargin-top:-200px;\nmargin-bottom:0;\n}\n<\/style>\n<div  class='flex_column av-b1p5tc-3daf67a93edf5dee44076c7be1c40cba av_one_fourth  avia-builder-el-7  el_before_av_one_half  avia-builder-el-first  first no_margin flex_column_table_cell av-equal-height-column av-align-top  '     ><\/div>\n<style type=\"text\/css\" data-created_by=\"avia_inline_auto\" id=\"style-css-av-zb91c-37a7babc7ab4df41100a4be14a3a291d\">\n#top .flex_column_table.av-equal-height-column-flextable.av-zb91c-37a7babc7ab4df41100a4be14a3a291d{\nmargin-top:-200px;\nmargin-bottom:0;\n}\n.flex_column.av-zb91c-37a7babc7ab4df41100a4be14a3a291d{\npadding:30px 30px 30px 30px;\nbackground-color:#8695a3;\n}\n<\/style>\n<div  class='flex_column av-zb91c-37a7babc7ab4df41100a4be14a3a291d av_one_half  avia-builder-el-8  el_after_av_one_fourth  el_before_av_one_fourth  no_margin flex_column_table_cell av-equal-height-column av-align-top  '     ><p>\n<style type=\"text\/css\" data-created_by=\"avia_inline_auto\" id=\"style-css-av-7l1mw0-c828bb07413fb597a2ed005c86c94f56\">\n.av_font_icon.av-7l1mw0-c828bb07413fb597a2ed005c86c94f56{\ncolor:#ffffff;\nborder-color:#ffffff;\n}\n.avia-svg-icon.av-7l1mw0-c828bb07413fb597a2ed005c86c94f56 svg:first-child{\nstroke:#ffffff;\nfill:#ffffff;\n}\n.av_font_icon.av-7l1mw0-c828bb07413fb597a2ed005c86c94f56 .av-icon-char{\nfont-size:40px;\n}\n<\/style>\n<span  class='av_font_icon av-7l1mw0-c828bb07413fb597a2ed005c86c94f56 avia_animate_when_visible av-icon-style- avia-icon-pos-center avia-svg-icon avia-font-svg_entypo-fontello avia-icon-animate'><span class='av-icon-char' data-av_svg_icon='resize-small' data-av_iconset='svg_entypo-fontello' ><svg version=\"1.1\" xmlns=\"http:\/\/www.w3.org\/2000\/svg\" width=\"29\" height=\"32\" viewBox=\"0 0 29 32\" preserveAspectRatio=\"xMidYMid meet\" aria-labelledby='av-svg-title-1' aria-describedby='av-svg-desc-1' role=\"graphics-symbol\" aria-hidden=\"true\">\n<title id='av-svg-title-1'>Resize-small<\/title>\n<desc id='av-svg-desc-1'>Resize-small<\/desc>\n<path d=\"M4.992 22.528l-3.392-3.2h9.472v9.472l-3.2-3.392-4.672 4.992-3.2-3.2zM28.8 4.8l-4.928 4.608 3.328 3.2h-9.408v-9.408l3.2 3.328 4.608-4.928z\"><\/path>\n<\/svg><\/span><\/span><br \/>\n\n<style type=\"text\/css\" data-created_by=\"avia_inline_auto\" id=\"style-css-av-65jfcg-e58e9753f3a0f5e990ca5d81c2602e82\">\n#top .hr.hr-invisible.av-65jfcg-e58e9753f3a0f5e990ca5d81c2602e82{\nheight:8px;\n}\n<\/style>\n<div  class='hr av-65jfcg-e58e9753f3a0f5e990ca5d81c2602e82 hr-invisible  avia-builder-el-10  el_after_av_font_icon  el_before_av_textblock '><span class='hr-inner '><span class=\"hr-inner-style\"><\/span><\/span><\/div><br \/>\n<section  class='av_textblock_section av-mi6leo8g-01038c1fab76c8b2e65f53d1e44c1356 '   itemscope=\"itemscope\" itemtype=\"https:\/\/schema.org\/CreativeWork\" ><div class='avia_textblock'  itemprop=\"text\" ><p><span style=\"color: #ffffff;\">El \u00e9xito de la FIV radica en su capacidad para generar embriones de forma masiva y controlada. Una vez que los embriones alcanzan el estadio adecuado de desarrollo, el ganadero tiene dos opciones: pueden ser transferidos inmediatamente a vacas receptoras para que completen la gestaci\u00f3n, o bien, ser conservados congelados (vitrificados) para su uso en el futuro. Este proceso no solo garantiza una producci\u00f3n constante de animales con gen\u00e9tica superior, sino que tambi\u00e9n representa la herramienta m\u00e1s potente para acelerar la mejora gen\u00e9tica del hato, permitiendo que una vaca de \u00e9lite impacte r\u00e1pidamente en la calidad de las generaciones futuras.<\/span><\/p>\n<\/div><\/section><br \/>\n\n<style type=\"text\/css\" data-created_by=\"avia_inline_auto\" id=\"style-css-av-4nmesw-0e57f31f875ae934d6389b15da34976f\">\n#top .hr.hr-invisible.av-4nmesw-0e57f31f875ae934d6389b15da34976f{\nheight:20px;\n}\n<\/style>\n<div  class='hr av-4nmesw-0e57f31f875ae934d6389b15da34976f hr-invisible  avia-builder-el-12  el_after_av_textblock  avia-builder-el-last '><span class='hr-inner '><span class=\"hr-inner-style\"><\/span><\/span><\/div><\/p><\/div>\n<style type=\"text\/css\" data-created_by=\"avia_inline_auto\" id=\"style-css-av-2jp7qo-ec2436bdce2ee46916d77c41e64c2f28\">\n#top .flex_column_table.av-equal-height-column-flextable.av-2jp7qo-ec2436bdce2ee46916d77c41e64c2f28{\nmargin-top:-200px;\nmargin-bottom:0;\n}\n<\/style>\n<div  class='flex_column av-2jp7qo-ec2436bdce2ee46916d77c41e64c2f28 av_one_fourth  avia-builder-el-13  el_after_av_one_half  avia-builder-el-last  no_margin flex_column_table_cell av-equal-height-column av-align-top  '     ><\/div><\/div><!--close column table wrapper. Autoclose: 1 -->\n<\/div><\/div><\/div><!-- close content main div --><\/div><\/div><div id='after_section_1'  class='main_color av_default_container_wrap container_wrap sidebar_right'  ><div class='container av-section-cont-open' ><div class='template-page content  av-content-small alpha units'><div class='post-entry post-entry-type-page post-entry-1488'><div class='entry-content-wrapper clearfix'><\/p>\n","protected":false},"excerpt":{"rendered":"","protected":false},"author":1,"featured_media":0,"parent":0,"menu_order":0,"comment_status":"closed","ping_status":"closed","template":"","meta":{"footnotes":""},"class_list":["post-1488","page","type-page","status-publish","hentry"],"_links":{"self":[{"href":"https:\/\/biogenmex.com\/index.php?rest_route=\/wp\/v2\/pages\/1488","targetHints":{"allow":["GET"]}}],"collection":[{"href":"https:\/\/biogenmex.com\/index.php?rest_route=\/wp\/v2\/pages"}],"about":[{"href":"https:\/\/biogenmex.com\/index.php?rest_route=\/wp\/v2\/types\/page"}],"author":[{"embeddable":true,"href":"https:\/\/biogenmex.com\/index.php?rest_route=\/wp\/v2\/users\/1"}],"replies":[{"embeddable":true,"href":"https:\/\/biogenmex.com\/index.php?rest_route=%2Fwp%2Fv2%2Fcomments&post=1488"}],"version-history":[{"count":3,"href":"https:\/\/biogenmex.com\/index.php?rest_route=\/wp\/v2\/pages\/1488\/revisions"}],"predecessor-version":[{"id":1537,"href":"https:\/\/biogenmex.com\/index.php?rest_route=\/wp\/v2\/pages\/1488\/revisions\/1537"}],"wp:attachment":[{"href":"https:\/\/biogenmex.com\/index.php?rest_route=%2Fwp%2Fv2%2Fmedia&parent=1488"}],"curies":[{"name":"wp","href":"https:\/\/api.w.org\/{rel}","templated":true}]}}