{"id":1480,"date":"2025-11-19T23:33:30","date_gmt":"2025-11-19T22:33:30","guid":{"rendered":"https:\/\/biogenmex.com\/?page_id=1480"},"modified":"2025-11-20T17:50:26","modified_gmt":"2025-11-20T16:50:26","slug":"aspiracion-folicular-opu","status":"publish","type":"page","link":"https:\/\/biogenmex.com\/?page_id=1480","title":{"rendered":"Aspiraci\u00f3n Folicular (OPU)"},"content":{"rendered":"<div id='av-layout-grid-1'  class='av-layout-grid-container av-on9ou0-4d1a3c4fbf1d537791415dfbfa1cb5cf entry-content-wrapper main_color av-flex-cells  avia-builder-el-0  el_before_av_section  avia-builder-el-first   container_wrap sidebar_right'  >\n\n<style type=\"text\/css\" data-created_by=\"avia_inline_auto\" id=\"style-css-av-mndt94-0aa6ab5b1adaff8418307da57c385432\">\n.flex_cell.av-mndt94-0aa6ab5b1adaff8418307da57c385432{\nvertical-align:middle;\nheight:0px;\nmin-height:0px;\nbackground:url(https:\/\/biogenmex.com\/wp-content\/uploads\/2025\/11\/2-1024x630.png) 50% 50% no-repeat scroll #ffffff;\n}\n.responsive #top #wrap_all .flex_cell.av-mndt94-0aa6ab5b1adaff8418307da57c385432{\npadding:80px 80px 80px 80px !important;\n}\n<\/style>\n<div class='flex_cell av-mndt94-0aa6ab5b1adaff8418307da57c385432 av-gridrow-cell av_one_half no_margin  avia-builder-el-1  el_before_av_cell_one_half  avia-builder-el-first  content-align-middle avia-full-stretch'  ><div class='flex_cell_inner'><\/div><\/div>\n<style type=\"text\/css\" data-created_by=\"avia_inline_auto\" id=\"style-css-av-k1aw8o-3362f61320a63fb810f6be35ad1c3957\">\n.flex_cell.av-k1aw8o-3362f61320a63fb810f6be35ad1c3957{\nvertical-align:middle;\nheight:0px;\nmin-height:0px;\nbackground-color:#ffffff;\n}\n.responsive #top #wrap_all .flex_cell.av-k1aw8o-3362f61320a63fb810f6be35ad1c3957{\npadding:80px 80px 80px 80px !important;\n}\n<\/style>\n<div class='flex_cell av-k1aw8o-3362f61320a63fb810f6be35ad1c3957 av-gridrow-cell av_one_half no_margin  avia-builder-el-2  el_after_av_cell_one_half  avia-builder-el-last  content-align-middle'  ><div class='flex_cell_inner'><p>\n<style type=\"text\/css\" data-created_by=\"avia_inline_auto\" id=\"style-css-av-1yo6nc-59310957b1c6727f98693fe65c7a6228\">\n#top .av-special-heading.av-1yo6nc-59310957b1c6727f98693fe65c7a6228{\npadding-bottom:10px;\ncolor:#020202;\n}\nbody .av-special-heading.av-1yo6nc-59310957b1c6727f98693fe65c7a6228 .av-special-heading-tag .heading-char{\nfont-size:25px;\n}\n.av-special-heading.av-1yo6nc-59310957b1c6727f98693fe65c7a6228 .special-heading-inner-border{\nborder-color:#020202;\n}\n.av-special-heading.av-1yo6nc-59310957b1c6727f98693fe65c7a6228 .av-subheading{\nfont-size:15px;\n}\n<\/style>\n<div  class='av-special-heading av-1yo6nc-59310957b1c6727f98693fe65c7a6228 av-special-heading-h3 custom-color-heading  avia-builder-el-3  el_before_av_hr  avia-builder-el-first '><h3 class='av-special-heading-tag '  itemprop=\"headline\"  >Aspiraci\u00f3n Folicular (OPU)<\/h3><div class=\"special-heading-border\"><div class=\"special-heading-inner-border\"><\/div><\/div><\/div><br \/>\n<div  class='hr av-hvtrag-836bde0295a687e385c8cc331d53dffc hr-default  avia-builder-el-4  el_after_av_heading  el_before_av_textblock '><span class='hr-inner '><span class=\"hr-inner-style\"><\/span><\/span><\/div><br \/>\n<section  class='av_textblock_section av-frype0-131d1707e1cf1d10f0a29dfd5db628cd '   itemscope=\"itemscope\" itemtype=\"https:\/\/schema.org\/CreativeWork\" ><div class='avia_textblock'  itemprop=\"text\" ><p><span style=\"color: #000000;\">La Aspiraci\u00f3n Folicular (OPU) es una t\u00e9cnica clave en la biotecnolog\u00eda reproductiva bovina, utilizada para extraer ovocitos directamente de los ovarios de vacas donadoras mediante gu\u00eda de ultrasonido. Este m\u00e9todo es el primer paso esencial para la Fertilizaci\u00f3n <i>In Vitro<\/i> (FIV) y permite cosechar material gen\u00e9tico de alto valor de manera eficiente y m\u00ednimamente invasiva.<\/span><\/p>\n<\/div><\/section><\/p>\n<\/div><\/div><\/div><div id='av_section_1'  class='avia-section av-ejihd4-ca7e8a3c4d1552fbe75f3a4d9f0c826b main_color avia-section-huge avia-no-border-styling  avia-builder-el-6  el_after_av_layout_row  avia-builder-el-last  avia-bg-style-scroll container_wrap sidebar_right'  ><div class='container av-section-cont-open' ><div class='template-page content  av-content-small alpha units'><div class='post-entry post-entry-type-page post-entry-1480'><div class='entry-content-wrapper clearfix'>\n<div class='flex_column_table av-18qjjc-20a4876517917703c5574782627ab136 sc-av_one_fourth av-equal-height-column-flextable'>\n<style type=\"text\/css\" data-created_by=\"avia_inline_auto\" id=\"style-css-av-18qjjc-20a4876517917703c5574782627ab136\">\n#top .flex_column_table.av-equal-height-column-flextable.av-18qjjc-20a4876517917703c5574782627ab136{\nmargin-top:-200px;\nmargin-bottom:0;\n}\n<\/style>\n<div  class='flex_column av-18qjjc-20a4876517917703c5574782627ab136 av_one_fourth  avia-builder-el-7  el_before_av_one_half  avia-builder-el-first  first no_margin flex_column_table_cell av-equal-height-column av-align-top  '     ><\/div>\n<style type=\"text\/css\" data-created_by=\"avia_inline_auto\" id=\"style-css-av-axvzjc-09fdabc2b550deed092b42e84906c824\">\n#top .flex_column_table.av-equal-height-column-flextable.av-axvzjc-09fdabc2b550deed092b42e84906c824{\nmargin-top:-200px;\nmargin-bottom:0;\n}\n.flex_column.av-axvzjc-09fdabc2b550deed092b42e84906c824{\npadding:30px 30px 30px 30px;\nbackground-color:#8695a3;\n}\n<\/style>\n<div  class='flex_column av-axvzjc-09fdabc2b550deed092b42e84906c824 av_one_half  avia-builder-el-8  el_after_av_one_fourth  el_before_av_one_fourth  no_margin flex_column_table_cell av-equal-height-column av-align-top  '     ><p>\n<style type=\"text\/css\" data-created_by=\"avia_inline_auto\" id=\"style-css-av-8i8juw-79fd76704a1dfd9a5c80ee5754cbf537\">\n.av_font_icon.av-8i8juw-79fd76704a1dfd9a5c80ee5754cbf537{\ncolor:#ffffff;\nborder-color:#ffffff;\n}\n.avia-svg-icon.av-8i8juw-79fd76704a1dfd9a5c80ee5754cbf537 svg:first-child{\nstroke:#ffffff;\nfill:#ffffff;\n}\n.av_font_icon.av-8i8juw-79fd76704a1dfd9a5c80ee5754cbf537 .av-icon-char{\nfont-size:40px;\n}\n<\/style>\n<span  class='av_font_icon av-8i8juw-79fd76704a1dfd9a5c80ee5754cbf537 avia_animate_when_visible av-icon-style- avia-icon-pos-center avia-svg-icon avia-font-svg_entypo-fontello avia-icon-animate'><span class='av-icon-char' data-av_svg_icon='spotify' data-av_iconset='svg_entypo-fontello' ><svg version=\"1.1\" xmlns=\"http:\/\/www.w3.org\/2000\/svg\" width=\"28\" height=\"32\" viewBox=\"0 0 28 32\" preserveAspectRatio=\"xMidYMid meet\" aria-labelledby='av-svg-title-1' aria-describedby='av-svg-desc-1' role=\"graphics-symbol\" aria-hidden=\"true\">\n<title id='av-svg-title-1'>Spotify<\/title>\n<desc id='av-svg-desc-1'>Spotify<\/desc>\n<path d=\"M14.080 1.92q5.824 0 9.952 4.128t4.128 9.952q0 3.52-1.632 6.56t-4.448 5.024q-3.2-5.44-9.92-5.632-5.184-0.192-8.704 3.328-3.456-3.968-3.456-9.28 0-5.888 4.096-9.984t9.984-4.096zM20.928 20.992q0.512-0.704-0.256-1.216-5.504-3.392-13.504-1.536-0.832 0.256-0.64 1.024 0.192 0.832 1.024 0.704 7.296-1.728 12.224 1.28 0.704 0.448 1.152-0.256zM22.656 17.024q0.576-0.96-0.384-1.536-3.2-1.984-7.52-2.464t-8.032 0.608q-1.024 0.32-0.768 1.408 0.384 1.024 1.344 0.704 3.328-1.024 7.2-0.576t6.688 2.176q0.896 0.64 1.472-0.32zM22.784 12.864q1.088 0.64 1.792-0.448 0.64-1.088-0.448-1.792-3.712-2.176-9.216-2.624t-9.024 0.768q-0.448 0.128-0.704 0.608t-0.128 0.992q0.32 1.216 1.6 0.896 3.008-1.088 7.968-0.704t8.16 2.304zM12.032 26.112q3.84 0.192 5.504 3.52-2.048 0.448-3.456 0.448-3.648 0-6.848-1.792 1.856-2.304 4.8-2.176z\"><\/path>\n<\/svg><\/span><\/span><br \/>\n\n<style type=\"text\/css\" data-created_by=\"avia_inline_auto\" id=\"style-css-av-7trmw8-bfd5a2e8198f1886c76340c0dd372a3c\">\n#top .hr.hr-invisible.av-7trmw8-bfd5a2e8198f1886c76340c0dd372a3c{\nheight:8px;\n}\n<\/style>\n<div  class='hr av-7trmw8-bfd5a2e8198f1886c76340c0dd372a3c hr-invisible  avia-builder-el-10  el_after_av_font_icon  el_before_av_textblock '><span class='hr-inner '><span class=\"hr-inner-style\"><\/span><\/span><\/div><br \/>\n<section  class='av_textblock_section av-6eaa7s-96e7136312a28ba3832c4a9d1bfa1733 '   itemscope=\"itemscope\" itemtype=\"https:\/\/schema.org\/CreativeWork\" ><div class='avia_textblock'  itemprop=\"text\" ><p><span style=\"color: #ffffff;\">El OPU es un procedimiento vanguardista que maximiza el aprovechamiento de la gen\u00e9tica de \u00e9lite en el ganado. Al permitir la obtenci\u00f3n de m\u00faltiples ovocitos sin someter al animal a estr\u00e9s hormonal excesivo, esta t\u00e9cnica acelera el progreso gen\u00e9tico de los hatos, ofreciendo una v\u00eda r\u00e1pida y segura para generar embriones de calidad superior sin sacrificar a la vaca donadora.<\/span><\/p>\n<\/div><\/section><br \/>\n\n<style type=\"text\/css\" data-created_by=\"avia_inline_auto\" id=\"style-css-av-43xltk-8a4cf73f862c91845fb82b14f516f34d\">\n#top .hr.hr-invisible.av-43xltk-8a4cf73f862c91845fb82b14f516f34d{\nheight:20px;\n}\n<\/style>\n<div  class='hr av-43xltk-8a4cf73f862c91845fb82b14f516f34d hr-invisible  avia-builder-el-12  el_after_av_textblock  avia-builder-el-last '><span class='hr-inner '><span class=\"hr-inner-style\"><\/span><\/span><\/div><\/p><\/div>\n<style type=\"text\/css\" data-created_by=\"avia_inline_auto\" id=\"style-css-av-2ybemw-c4656cecebe4375e30ba7882f285c5d8\">\n#top .flex_column_table.av-equal-height-column-flextable.av-2ybemw-c4656cecebe4375e30ba7882f285c5d8{\nmargin-top:-200px;\nmargin-bottom:0;\n}\n<\/style>\n<div  class='flex_column av-2ybemw-c4656cecebe4375e30ba7882f285c5d8 av_one_fourth  avia-builder-el-13  el_after_av_one_half  avia-builder-el-last  no_margin flex_column_table_cell av-equal-height-column av-align-top  '     ><\/div><\/div><!--close column table wrapper. Autoclose: 1 -->\n<\/div><\/div><\/div><!-- close content main div --><\/div><\/div><div id='after_section_1'  class='main_color av_default_container_wrap container_wrap sidebar_right'  ><div class='container av-section-cont-open' ><div class='template-page content  av-content-small alpha units'><div class='post-entry post-entry-type-page post-entry-1480'><div class='entry-content-wrapper clearfix'><\/p>\n","protected":false},"excerpt":{"rendered":"","protected":false},"author":1,"featured_media":0,"parent":0,"menu_order":0,"comment_status":"closed","ping_status":"closed","template":"","meta":{"footnotes":""},"class_list":["post-1480","page","type-page","status-publish","hentry"],"_links":{"self":[{"href":"https:\/\/biogenmex.com\/index.php?rest_route=\/wp\/v2\/pages\/1480","targetHints":{"allow":["GET"]}}],"collection":[{"href":"https:\/\/biogenmex.com\/index.php?rest_route=\/wp\/v2\/pages"}],"about":[{"href":"https:\/\/biogenmex.com\/index.php?rest_route=\/wp\/v2\/types\/page"}],"author":[{"embeddable":true,"href":"https:\/\/biogenmex.com\/index.php?rest_route=\/wp\/v2\/users\/1"}],"replies":[{"embeddable":true,"href":"https:\/\/biogenmex.com\/index.php?rest_route=%2Fwp%2Fv2%2Fcomments&post=1480"}],"version-history":[{"count":3,"href":"https:\/\/biogenmex.com\/index.php?rest_route=\/wp\/v2\/pages\/1480\/revisions"}],"predecessor-version":[{"id":1527,"href":"https:\/\/biogenmex.com\/index.php?rest_route=\/wp\/v2\/pages\/1480\/revisions\/1527"}],"wp:attachment":[{"href":"https:\/\/biogenmex.com\/index.php?rest_route=%2Fwp%2Fv2%2Fmedia&parent=1480"}],"curies":[{"name":"wp","href":"https:\/\/api.w.org\/{rel}","templated":true}]}}