{"id":1268,"date":"2025-11-19T19:53:55","date_gmt":"2025-11-19T18:53:55","guid":{"rendered":"https:\/\/biogenmex.com\/?page_id=1268"},"modified":"2025-11-19T22:12:36","modified_gmt":"2025-11-19T21:12:36","slug":"mision","status":"publish","type":"page","link":"https:\/\/biogenmex.com\/?page_id=1268","title":{"rendered":"MISION"},"content":{"rendered":"<div id='av-layout-grid-1'  class='av-layout-grid-container av-mi6hz18b-e0faad8f0906a730e7c203290b3d2721 entry-content-wrapper main_color av-flex-cells  avia-builder-el-0  avia-builder-el-no-sibling   container_wrap sidebar_right'  >\n\n<style type=\"text\/css\" data-created_by=\"avia_inline_auto\" id=\"style-css-av-mi6hzba6-9bfee16ec5d7fbaa8faca4d3451940d3\">\n.flex_cell.av-mi6hzba6-9bfee16ec5d7fbaa8faca4d3451940d3{\nvertical-align:top;\nbackground-color:#8696a3;\n}\n<\/style>\n<div class='flex_cell av-mi6hzba6-9bfee16ec5d7fbaa8faca4d3451940d3 av-gridrow-cell av_one_third no_margin  avia-builder-el-1  el_before_av_cell_one_third  avia-builder-el-first  content-align-top'  ><div class='flex_cell_inner'>\n<style type=\"text\/css\" data-created_by=\"avia_inline_auto\" id=\"style-css-av-mi6gpyn0-1153f032aebd09ca76522df7967b85b0\">\n@keyframes av_boxShadowEffect_av-mi6gpyn0-1153f032aebd09ca76522df7967b85b0 {\n0%   { box-shadow:  0 0 0 0 ; opacity: 1; }\n100% { box-shadow:  0 0 10px 0 ; opacity: 1; }\n}\n.avia-image-container.av-mi6gpyn0-1153f032aebd09ca76522df7967b85b0{\nposition:relative;\ntop:90px;\nright:0px;\nbottom:0px;\nleft:0px;\n}\n.avia-image-container.av-mi6gpyn0-1153f032aebd09ca76522df7967b85b0 img.avia_image{\nbox-shadow: 0 0 10px 0 ;\n}\n.avia-image-container.av-mi6gpyn0-1153f032aebd09ca76522df7967b85b0 .av-image-caption-overlay-center{\ncolor:#ffffff;\n}\n<\/style>\n<div  class='avia-image-container av-mi6gpyn0-1153f032aebd09ca76522df7967b85b0 av-styling-circle avia-align-center  avia-builder-el-2  avia-builder-el-no-sibling  av-custom-positioned av-img-box-shadow av-box-shadow-not-animated'   itemprop=\"image\" itemscope=\"itemscope\" itemtype=\"https:\/\/schema.org\/ImageObject\" ><div class=\"avia-image-container-inner\"><div class=\"avia-image-overlay-wrap\"><img decoding=\"async\" fetchpriority=\"high\" class='wp-image-1160 avia-img-lazy-loading-not-1160 avia_image shadow-not-animated' src=\"https:\/\/biogenmex.com\/wp-content\/uploads\/2025\/11\/Evaluacion-de-Donantes-y-Receptoras-1.jpg\" alt='' title='Evaluacio\u0301n de Donantes y Receptoras'  height=\"190\" width=\"266\"  itemprop=\"thumbnailUrl\" srcset=\"https:\/\/biogenmex.com\/wp-content\/uploads\/2025\/11\/Evaluacion-de-Donantes-y-Receptoras-1.jpg 266w, https:\/\/biogenmex.com\/wp-content\/uploads\/2025\/11\/Evaluacion-de-Donantes-y-Receptoras-1-260x185.jpg 260w\" sizes=\"(max-width: 266px) 100vw, 266px\" \/><\/div><\/div><\/div>\n<\/div><\/div>\n<style type=\"text\/css\" data-created_by=\"avia_inline_auto\" id=\"style-css-av-mi6hzfq6-dc75e6a3fecbaf7b85cd5a03d74b5841\">\n.flex_cell.av-mi6hzfq6-dc75e6a3fecbaf7b85cd5a03d74b5841{\nvertical-align:top;\nbackground-color:#8696a3;\n}\n<\/style>\n<div class='flex_cell av-mi6hzfq6-dc75e6a3fecbaf7b85cd5a03d74b5841 av-gridrow-cell av_one_third no_margin  avia-builder-el-3  el_after_av_cell_one_third  el_before_av_cell_one_third  content-align-top'  ><div class='flex_cell_inner'><p>\n<style type=\"text\/css\" data-created_by=\"avia_inline_auto\" id=\"style-css-av-mi6ga2sv-1894dd60763b093fb492b11cd924d89c\">\n#top .av-special-heading.av-mi6ga2sv-1894dd60763b093fb492b11cd924d89c{\nmargin:10px 10px 10px 10px;\ncolor:#ffffff;\n}\nbody .av-special-heading.av-mi6ga2sv-1894dd60763b093fb492b11cd924d89c .av-special-heading-tag .heading-char{\nfont-size:25px;\ncolor:#ffffff;\npadding-bottom:10px;\n}\nbody .av-special-heading.av-mi6ga2sv-1894dd60763b093fb492b11cd924d89c .av-special-heading-tag .heading-char.avia-svg-icon svg:first-child{\nfill:#ffffff;\nstroke:#ffffff;\n}\n.av-special-heading.av-mi6ga2sv-1894dd60763b093fb492b11cd924d89c .special-heading-inner-border{\nborder-color:#020202;\n}\n.av-special-heading.av-mi6ga2sv-1894dd60763b093fb492b11cd924d89c .av-subheading{\nfont-size:15px;\n}\nbody .av-special-heading.av-mi6ga2sv-1894dd60763b093fb492b11cd924d89c .av-special-heading-tag .heading-wrap:before{\nborder-color:#020202;\n}\nbody .av-special-heading.av-mi6ga2sv-1894dd60763b093fb492b11cd924d89c .av-special-heading-tag .heading-wrap:after{\nborder-color:#020202;\n}\n<\/style>\n<div  class='av-special-heading av-mi6ga2sv-1894dd60763b093fb492b11cd924d89c av-special-heading-h3 custom-color-heading blockquote elegant-quote elegant-centered  avia-builder-el-4  el_before_av_textblock  avia-builder-el-first  av-icon'><h3 class='av-special-heading-tag '  itemprop=\"headline\"  ><span class='heading-char avia-svg-icon avia-font-svg_entypo-fontello' data-av_svg_icon='direction' data-av_iconset='svg_entypo-fontello'><svg version=\"1.1\" xmlns=\"http:\/\/www.w3.org\/2000\/svg\" width=\"28\" height=\"32\" viewBox=\"0 0 28 32\" preserveAspectRatio=\"xMidYMid meet\" aria-labelledby='av-svg-title-1' aria-describedby='av-svg-desc-1' role=\"graphics-symbol\">\n<title id='av-svg-title-1'>Direction<\/title>\n<desc id='av-svg-desc-1'>Direction<\/desc>\n<path d=\"M27.136 2.624q0.256 0.256 0.352 0.512t-0.064 0.704-0.32 0.832-0.608 1.248-0.768 1.568q-1.728 3.584-4.704 9.152t-5.024 9.344l-2.112 3.776-1.728-12.16-12.16-1.792q14.144-7.872 22.272-11.776 0.64-0.32 1.536-0.8t1.248-0.64 0.8-0.288 0.736-0.032 0.544 0.352zM24.192 5.696l-9.728 8.96 0.896 7.488z\"><\/path>\n<\/svg><\/span><span class=\"heading-wrap\">Nuestra mision<\/span><\/h3><div class=\"special-heading-border\"><div class=\"special-heading-inner-border\"><\/div><\/div><\/div><br \/>\n\n<style type=\"text\/css\" data-created_by=\"avia_inline_auto\" id=\"style-css-av-mi6g9117-fda44ec55924daa2d94a3c522b2c4544\">\n#top .av_textblock_section.av-mi6g9117-fda44ec55924daa2d94a3c522b2c4544 .avia_textblock{\ntext-align:left;\n}\n<\/style>\n<section  id=\"texto-justificado\"  class='av_textblock_section av-mi6g9117-fda44ec55924daa2d94a3c522b2c4544 '   itemscope=\"itemscope\" itemtype=\"https:\/\/schema.org\/CreativeWork\" ><div class='avia_textblock texto-justificado invalid-custom-class-found invalid-custom-class-found invalid-custom-class-found invalid-custom-class-found invalid-custom-class-found text-align justify invalid-custom-class-found'  itemprop=\"text\" ><p><strong style=\"color: #ffffff; text-align: justify;\"><span style=\"color: #ffffff; text-align: justify;\">Ofrecer un servicio de an\u00e1lisis gen\u00e9tico avanzado y en constante actualizaci\u00f3n. Brindar soluciones innovadoras con el fin de optimizar los procesos en los sectores agroalimentario, veterinario y ganader\u00eda. En resumen, un servicio especializado e individual adaptado a cada necesidad y presupuesto.<\/span><\/strong><\/p>\n<\/div><\/section><\/p>\n<\/div><\/div>\n<style type=\"text\/css\" data-created_by=\"avia_inline_auto\" id=\"style-css-av-mi6hzjzi-d6146231c77e19fca881e7a559c546a9\">\n.flex_cell.av-mi6hzjzi-d6146231c77e19fca881e7a559c546a9{\nvertical-align:top;\nbackground-color:#8696a3;\n}\n<\/style>\n<div class='flex_cell av-mi6hzjzi-d6146231c77e19fca881e7a559c546a9 av-gridrow-cell av_one_third no_margin  avia-builder-el-6  el_after_av_cell_one_third  avia-builder-el-last  content-align-top'  ><div class='flex_cell_inner'>\n<style type=\"text\/css\" data-created_by=\"avia_inline_auto\" id=\"style-css-av-mi6gq4bg-68394cf208ca8244e9fa42ea33e9f430\">\n.avia-image-container.av-mi6gq4bg-68394cf208ca8244e9fa42ea33e9f430{\nposition:relative;\ntop:70px;\nright:0px;\nbottom:0px;\nleft:0px;\n}\n.avia-image-container.av-mi6gq4bg-68394cf208ca8244e9fa42ea33e9f430 img.avia_image{\nbox-shadow:none;\n}\n.avia-image-container.av-mi6gq4bg-68394cf208ca8244e9fa42ea33e9f430 .av-image-caption-overlay-center{\ncolor:#ffffff;\n}\n<\/style>\n<div  class='avia-image-container av-mi6gq4bg-68394cf208ca8244e9fa42ea33e9f430 av-styling- avia-align-center  avia-builder-el-7  avia-builder-el-no-sibling  av-custom-positioned'   itemprop=\"image\" itemscope=\"itemscope\" itemtype=\"https:\/\/schema.org\/ImageObject\" ><div class=\"avia-image-container-inner\"><div class=\"avia-image-overlay-wrap\"><img decoding=\"async\" fetchpriority=\"high\" class='wp-image-986 avia-img-lazy-loading-not-986 avia_image ' src=\"https:\/\/biogenmex.com\/wp-content\/uploads\/2016\/07\/medical-report-m-300x200.jpg\" alt='' title='Medical Report'  height=\"200\" width=\"300\"  itemprop=\"thumbnailUrl\" srcset=\"https:\/\/biogenmex.com\/wp-content\/uploads\/2016\/07\/medical-report-m-300x200.jpg 300w, https:\/\/biogenmex.com\/wp-content\/uploads\/2016\/07\/medical-report-m-1030x687.jpg 1030w, https:\/\/biogenmex.com\/wp-content\/uploads\/2016\/07\/medical-report-m-768x512.jpg 768w, https:\/\/biogenmex.com\/wp-content\/uploads\/2016\/07\/medical-report-m-1536x1025.jpg 1536w, https:\/\/biogenmex.com\/wp-content\/uploads\/2016\/07\/medical-report-m-1500x1001.jpg 1500w, https:\/\/biogenmex.com\/wp-content\/uploads\/2016\/07\/medical-report-m-705x470.jpg 705w, https:\/\/biogenmex.com\/wp-content\/uploads\/2016\/07\/medical-report-m.jpg 1731w\" sizes=\"(max-width: 300px) 100vw, 300px\" \/><\/div><\/div><\/div>\n<\/div><\/div><\/div>\n","protected":false},"excerpt":{"rendered":"","protected":false},"author":1,"featured_media":0,"parent":0,"menu_order":0,"comment_status":"closed","ping_status":"closed","template":"","meta":{"footnotes":""},"class_list":["post-1268","page","type-page","status-publish","hentry"],"_links":{"self":[{"href":"https:\/\/biogenmex.com\/index.php?rest_route=\/wp\/v2\/pages\/1268","targetHints":{"allow":["GET"]}}],"collection":[{"href":"https:\/\/biogenmex.com\/index.php?rest_route=\/wp\/v2\/pages"}],"about":[{"href":"https:\/\/biogenmex.com\/index.php?rest_route=\/wp\/v2\/types\/page"}],"author":[{"embeddable":true,"href":"https:\/\/biogenmex.com\/index.php?rest_route=\/wp\/v2\/users\/1"}],"replies":[{"embeddable":true,"href":"https:\/\/biogenmex.com\/index.php?rest_route=%2Fwp%2Fv2%2Fcomments&post=1268"}],"version-history":[{"count":50,"href":"https:\/\/biogenmex.com\/index.php?rest_route=\/wp\/v2\/pages\/1268\/revisions"}],"predecessor-version":[{"id":1416,"href":"https:\/\/biogenmex.com\/index.php?rest_route=\/wp\/v2\/pages\/1268\/revisions\/1416"}],"wp:attachment":[{"href":"https:\/\/biogenmex.com\/index.php?rest_route=%2Fwp%2Fv2%2Fmedia&parent=1268"}],"curies":[{"name":"wp","href":"https:\/\/api.w.org\/{rel}","templated":true}]}}