{"id":1266,"date":"2025-11-19T19:53:40","date_gmt":"2025-11-19T18:53:40","guid":{"rendered":"https:\/\/biogenmex.com\/?page_id=1266"},"modified":"2025-11-19T22:25:01","modified_gmt":"2025-11-19T21:25:01","slug":"vision","status":"publish","type":"page","link":"https:\/\/biogenmex.com\/?page_id=1266","title":{"rendered":"VISION"},"content":{"rendered":"<div id='av-layout-grid-1'  class='av-layout-grid-container av-4vy9du-37b3217c54bf841f3dbc3907b627dc2a entry-content-wrapper main_color av-flex-cells  avia-builder-el-0  avia-builder-el-no-sibling   container_wrap sidebar_right'  >\n\n<style type=\"text\/css\" data-created_by=\"avia_inline_auto\" id=\"style-css-av-mi6hj5z6-567c380256091d9e8ebfbfe2d288e8cd\">\n.flex_cell.av-mi6hj5z6-567c380256091d9e8ebfbfe2d288e8cd{\nvertical-align:top;\nbackground-color:#8696a3;\n}\n<\/style>\n<div class='flex_cell av-mi6hj5z6-567c380256091d9e8ebfbfe2d288e8cd av-gridrow-cell av_one_third no_margin  avia-builder-el-1  el_before_av_cell_one_third  avia-builder-el-first  content-align-top'  ><div class='flex_cell_inner'>\n<style type=\"text\/css\" data-created_by=\"avia_inline_auto\" id=\"style-css-av-mi6huznj-adde8055413bbb719898a993933ef6f4\">\n@keyframes av_boxShadowEffect_av-mi6huznj-adde8055413bbb719898a993933ef6f4 {\n0%   { box-shadow:  0 0 0 0 #020202; opacity: 1; }\n100% { box-shadow:  0 0 10px 0 #020202; opacity: 1; }\n}\n.avia-image-container.av-mi6huznj-adde8055413bbb719898a993933ef6f4 img.avia_image{\nbox-shadow: 0 0 10px 0 #020202;\n}\n.avia-image-container.av-mi6huznj-adde8055413bbb719898a993933ef6f4 .av-image-caption-overlay-center{\ncolor:#ffffff;\n}\n<\/style>\n<div  class='avia-image-container av-mi6huznj-adde8055413bbb719898a993933ef6f4 av-styling- avia-align-center  avia-builder-el-2  avia-builder-el-no-sibling  av-img-box-shadow av-box-shadow-not-animated'   itemprop=\"image\" itemscope=\"itemscope\" itemtype=\"https:\/\/schema.org\/ImageObject\" ><div class=\"avia-image-container-inner\"><div class=\"avia-image-overlay-wrap\"><img decoding=\"async\" fetchpriority=\"high\" class='wp-image-1407 avia-img-lazy-loading-not-1407 avia_image shadow-not-animated' src=\"https:\/\/biogenmex.com\/wp-content\/uploads\/2025\/11\/476610315_18031065287629729_6866984595599937912_n-300x225.jpg\" alt='' title='476610315_18031065287629729_6866984595599937912_n'  height=\"225\" width=\"300\"  itemprop=\"thumbnailUrl\" srcset=\"https:\/\/biogenmex.com\/wp-content\/uploads\/2025\/11\/476610315_18031065287629729_6866984595599937912_n-300x225.jpg 300w, https:\/\/biogenmex.com\/wp-content\/uploads\/2025\/11\/476610315_18031065287629729_6866984595599937912_n-768x576.jpg 768w, https:\/\/biogenmex.com\/wp-content\/uploads\/2025\/11\/476610315_18031065287629729_6866984595599937912_n-705x529.jpg 705w, https:\/\/biogenmex.com\/wp-content\/uploads\/2025\/11\/476610315_18031065287629729_6866984595599937912_n.jpg 960w\" sizes=\"(max-width: 300px) 100vw, 300px\" \/><\/div><\/div><\/div>\n<\/div><\/div>\n<style type=\"text\/css\" data-created_by=\"avia_inline_auto\" id=\"style-css-av-mi6hg95i-6e12114a17a0a32a6dcd6c2e7eb9fde1\">\n.flex_cell.av-mi6hg95i-6e12114a17a0a32a6dcd6c2e7eb9fde1{\nvertical-align:top;\nbackground-color:#8696a3;\n}\n<\/style>\n<div class='flex_cell av-mi6hg95i-6e12114a17a0a32a6dcd6c2e7eb9fde1 av-gridrow-cell av_one_third no_margin  avia-builder-el-3  el_after_av_cell_one_third  el_before_av_cell_one_third  content-align-top'  ><div class='flex_cell_inner'><p>\n<style type=\"text\/css\" data-created_by=\"avia_inline_auto\" id=\"style-css-av-mi6hhnv1-f828f1ef5e661d52eb1158de28d582e6\">\n#top .av-special-heading.av-mi6hhnv1-f828f1ef5e661d52eb1158de28d582e6{\npadding-bottom:10px;\ncolor:#ffffff;\n}\nbody .av-special-heading.av-mi6hhnv1-f828f1ef5e661d52eb1158de28d582e6 .av-special-heading-tag .heading-char{\nfont-size:25px;\ncolor:#ffffff;\npadding-bottom:10px;\n}\nbody .av-special-heading.av-mi6hhnv1-f828f1ef5e661d52eb1158de28d582e6 .av-special-heading-tag .heading-char.avia-svg-icon svg:first-child{\nfill:#ffffff;\nstroke:#ffffff;\n}\n.av-special-heading.av-mi6hhnv1-f828f1ef5e661d52eb1158de28d582e6 .special-heading-inner-border{\nborder-color:#020202;\n}\n.av-special-heading.av-mi6hhnv1-f828f1ef5e661d52eb1158de28d582e6 .av-subheading{\nfont-size:15px;\n}\nbody .av-special-heading.av-mi6hhnv1-f828f1ef5e661d52eb1158de28d582e6 .av-special-heading-tag .heading-wrap:before{\nborder-color:#020202;\n}\nbody .av-special-heading.av-mi6hhnv1-f828f1ef5e661d52eb1158de28d582e6 .av-special-heading-tag .heading-wrap:after{\nborder-color:#020202;\n}\n<\/style>\n<div  class='av-special-heading av-mi6hhnv1-f828f1ef5e661d52eb1158de28d582e6 av-special-heading-h3 custom-color-heading blockquote elegant-quote elegant-centered  avia-builder-el-4  el_before_av_textblock  avia-builder-el-first  av-icon'><h3 class='av-special-heading-tag '  itemprop=\"headline\"  ><span class='heading-char avia-svg-icon avia-font-svg_entypo-fontello' data-av_svg_icon='eye' data-av_iconset='svg_entypo-fontello'><svg version=\"1.1\" xmlns=\"http:\/\/www.w3.org\/2000\/svg\" width=\"32\" height=\"32\" viewBox=\"0 0 32 32\" preserveAspectRatio=\"xMidYMid meet\" aria-labelledby='av-svg-title-1' aria-describedby='av-svg-desc-1' role=\"graphics-symbol\">\n<title id='av-svg-title-1'>Eye<\/title>\n<desc id='av-svg-desc-1'>Eye<\/desc>\n<path d=\"M16 7.040q2.944 0 5.664 0.8t4.512 1.984 3.168 2.464 2.016 2.272 0.64 1.44-0.64 1.408-2.016 2.272-3.168 2.496-4.512 1.984-5.664 0.8-5.664-0.8-4.512-1.984-3.168-2.496-2.016-2.272-0.64-1.408 0.64-1.44 2.016-2.272 3.168-2.464 4.512-1.984 5.664-0.8zM16 22.848q2.944 0 5.024-2.016t2.080-4.832q0-2.88-2.080-4.896t-5.024-2.016-5.024 2.016-2.080 4.896q0 2.816 2.080 4.832t5.024 2.016zM16 16q0.256 0.256 1.184 0.064t1.6-0.352 0.8 0.288q0 1.408-1.056 2.4t-2.528 0.992-2.496-0.992-1.024-2.4q0-1.472 1.024-2.464t2.496-0.992q0.448 0 0.32 0.736t-0.384 1.504 0.064 1.216z\"><\/path>\n<\/svg><\/span><span class=\"heading-wrap\">Nuestra vision<\/span><\/h3><div class=\"special-heading-border\"><div class=\"special-heading-inner-border\"><\/div><\/div><\/div><br \/>\n<section  class='av_textblock_section av-mi6hir4o-aa95516d3277719b9022c9e66fd8979f '   itemscope=\"itemscope\" itemtype=\"https:\/\/schema.org\/CreativeWork\" ><div class='avia_textblock'  itemprop=\"text\" ><p style=\"text-align: left;\"><span style=\"color: #ffffff;\">Queremos convertirnos en un laboratorio de referencia y prestigio a nivel internacional, manteniendo a la compa\u00f1\u00eda como l\u00edder en sus sectores objetivos. Que nuestra experiencia sea nuestra garant\u00eda.<\/span><\/p>\n<\/div><\/section><\/p>\n<\/div><\/div>\n<style type=\"text\/css\" data-created_by=\"avia_inline_auto\" id=\"style-css-av-mi6hjaxn-5fbd95eb9ea050f85260e712404cf557\">\n.flex_cell.av-mi6hjaxn-5fbd95eb9ea050f85260e712404cf557{\nvertical-align:top;\nbackground-color:#8696a3;\n}\n<\/style>\n<div class='flex_cell av-mi6hjaxn-5fbd95eb9ea050f85260e712404cf557 av-gridrow-cell av_one_third no_margin  avia-builder-el-6  el_after_av_cell_one_third  avia-builder-el-last  content-align-top'  ><div class='flex_cell_inner'>\n<style type=\"text\/css\" data-created_by=\"avia_inline_auto\" id=\"style-css-av-mi6hv6ra-0acb08dcf552b1bfb5a0fe8b488c9d04\">\n@keyframes av_boxShadowEffect_av-mi6hv6ra-0acb08dcf552b1bfb5a0fe8b488c9d04 {\n0%   { box-shadow:  0 0 0 0 #020202; opacity: 1; }\n100% { box-shadow:  0 0 10px 0 #020202; opacity: 1; }\n}\n.avia-image-container.av-mi6hv6ra-0acb08dcf552b1bfb5a0fe8b488c9d04{\nposition:relative;\ntop:30px;\nright:0px;\nbottom:0px;\nleft:0px;\n}\n.avia-image-container.av-mi6hv6ra-0acb08dcf552b1bfb5a0fe8b488c9d04 img.avia_image{\nbox-shadow: 0 0 10px 0 #020202;\n}\n.avia-image-container.av-mi6hv6ra-0acb08dcf552b1bfb5a0fe8b488c9d04 .av-image-caption-overlay-center{\ncolor:#ffffff;\n}\n<\/style>\n<div  class='avia-image-container av-mi6hv6ra-0acb08dcf552b1bfb5a0fe8b488c9d04 av-styling- avia-align-center  avia-builder-el-7  avia-builder-el-no-sibling  av-custom-positioned av-img-box-shadow av-box-shadow-not-animated'   itemprop=\"image\" itemscope=\"itemscope\" itemtype=\"https:\/\/schema.org\/ImageObject\" ><div class=\"avia-image-container-inner\"><div class=\"avia-image-overlay-wrap\"><img decoding=\"async\" fetchpriority=\"high\" class='wp-image-1409 avia-img-lazy-loading-not-1409 avia_image shadow-not-animated' src=\"https:\/\/biogenmex.com\/wp-content\/uploads\/2025\/11\/razas-bovinas-carne-doble-proposito-1030x515.jpg\" alt='' title='razas-bovinas-carne-doble-proposito'  height=\"515\" width=\"1030\"  itemprop=\"thumbnailUrl\" srcset=\"https:\/\/biogenmex.com\/wp-content\/uploads\/2025\/11\/razas-bovinas-carne-doble-proposito-1030x515.jpg 1030w, https:\/\/biogenmex.com\/wp-content\/uploads\/2025\/11\/razas-bovinas-carne-doble-proposito-300x150.jpg 300w, https:\/\/biogenmex.com\/wp-content\/uploads\/2025\/11\/razas-bovinas-carne-doble-proposito-768x384.jpg 768w, https:\/\/biogenmex.com\/wp-content\/uploads\/2025\/11\/razas-bovinas-carne-doble-proposito-705x353.jpg 705w, https:\/\/biogenmex.com\/wp-content\/uploads\/2025\/11\/razas-bovinas-carne-doble-proposito.jpg 1200w\" sizes=\"(max-width: 1030px) 100vw, 1030px\" \/><\/div><\/div><\/div>\n<\/div><\/div><\/div>\n","protected":false},"excerpt":{"rendered":"","protected":false},"author":1,"featured_media":0,"parent":0,"menu_order":0,"comment_status":"closed","ping_status":"closed","template":"","meta":{"footnotes":""},"class_list":["post-1266","page","type-page","status-publish","hentry"],"_links":{"self":[{"href":"https:\/\/biogenmex.com\/index.php?rest_route=\/wp\/v2\/pages\/1266","targetHints":{"allow":["GET"]}}],"collection":[{"href":"https:\/\/biogenmex.com\/index.php?rest_route=\/wp\/v2\/pages"}],"about":[{"href":"https:\/\/biogenmex.com\/index.php?rest_route=\/wp\/v2\/types\/page"}],"author":[{"embeddable":true,"href":"https:\/\/biogenmex.com\/index.php?rest_route=\/wp\/v2\/users\/1"}],"replies":[{"embeddable":true,"href":"https:\/\/biogenmex.com\/index.php?rest_route=%2Fwp%2Fv2%2Fcomments&post=1266"}],"version-history":[{"count":7,"href":"https:\/\/biogenmex.com\/index.php?rest_route=\/wp\/v2\/pages\/1266\/revisions"}],"predecessor-version":[{"id":1423,"href":"https:\/\/biogenmex.com\/index.php?rest_route=\/wp\/v2\/pages\/1266\/revisions\/1423"}],"wp:attachment":[{"href":"https:\/\/biogenmex.com\/index.php?rest_route=%2Fwp%2Fv2%2Fmedia&parent=1266"}],"curies":[{"name":"wp","href":"https:\/\/api.w.org\/{rel}","templated":true}]}}