{"id":1159,"date":"2025-11-18T23:47:47","date_gmt":"2025-11-18T22:47:47","guid":{"rendered":"https:\/\/biogenmex.com\/?page_id=1159"},"modified":"2025-11-20T17:45:55","modified_gmt":"2025-11-20T16:45:55","slug":"1159-2","status":"publish","type":"page","link":"https:\/\/biogenmex.com\/?page_id=1159","title":{"rendered":"Evaluaci\u00f3n de Donantes y Receptoras"},"content":{"rendered":"<div id='av-layout-grid-1'  class='av-layout-grid-container av-mi6jpq7r-707bbb4ef334b3ae7c1bfc5011141b79 entry-content-wrapper main_color av-flex-cells  avia-builder-el-0  el_before_av_section  avia-builder-el-first   container_wrap sidebar_right'  >\n\n<style type=\"text\/css\" data-created_by=\"avia_inline_auto\" id=\"style-css-av-mi6jmd4j-6ee6cb1be086a1c8f11361f61571de0e\">\n.flex_cell.av-mi6jmd4j-6ee6cb1be086a1c8f11361f61571de0e{\nvertical-align:middle;\nheight:0px;\nmin-height:0px;\nbackground-color:#ffffff;\n}\n.responsive #top #wrap_all .flex_cell.av-mi6jmd4j-6ee6cb1be086a1c8f11361f61571de0e{\npadding:80px 80px 80px 80px !important;\n}\n<\/style>\n<div class='flex_cell av-mi6jmd4j-6ee6cb1be086a1c8f11361f61571de0e av-gridrow-cell av_one_half no_margin  avia-builder-el-1  el_before_av_cell_one_half  avia-builder-el-first  content-align-middle avia-full-stretch'  ><div class='flex_cell_inner'><p>\n<style type=\"text\/css\" data-created_by=\"avia_inline_auto\" id=\"style-css-av-mi6j2s87-62441d7f2c5b455cce6852bb605a100b\">\n#top .av-special-heading.av-mi6j2s87-62441d7f2c5b455cce6852bb605a100b{\npadding-bottom:10px;\ncolor:#020202;\n}\nbody .av-special-heading.av-mi6j2s87-62441d7f2c5b455cce6852bb605a100b .av-special-heading-tag .heading-char{\nfont-size:25px;\n}\n.av-special-heading.av-mi6j2s87-62441d7f2c5b455cce6852bb605a100b .special-heading-inner-border{\nborder-color:#020202;\n}\n.av-special-heading.av-mi6j2s87-62441d7f2c5b455cce6852bb605a100b .av-subheading{\nfont-size:15px;\n}\n<\/style>\n<div  class='av-special-heading av-mi6j2s87-62441d7f2c5b455cce6852bb605a100b av-special-heading-h3 custom-color-heading  avia-builder-el-2  el_before_av_hr  avia-builder-el-first '><h3 class='av-special-heading-tag '  itemprop=\"headline\"  >Evaluaci\u00f3n de Donantes y Receptoras<\/h3><div class=\"special-heading-border\"><div class=\"special-heading-inner-border\"><\/div><\/div><\/div><br \/>\n<div  class='hr av-7r2bk7-8e16e20e84e021a825aaeb43e0731e3c hr-default  avia-builder-el-3  el_after_av_heading  el_before_av_textblock '><span class='hr-inner '><span class=\"hr-inner-style\"><\/span><\/span><\/div><br \/>\n<section  class='av_textblock_section av-mi6j3c0m-664998739b3a87752b2260a0e2138e59 '   itemscope=\"itemscope\" itemtype=\"https:\/\/schema.org\/CreativeWork\" ><div class='avia_textblock'  itemprop=\"text\" ><p><span style=\"color: #000000;\"><em>Este procedimiento comprende una serie de an\u00e1lisis y valoraciones que permiten determinar las condiciones fisiol\u00f3gicas, reproductivas y de salud tanto de la hembra que aportar\u00e1 los \u00f3vulos (donante) como de la que recibir\u00e1 el embri\u00f3n (receptora). Una correcta selecci\u00f3n reduce riesgos, maximiza el rendimiento gen\u00e9tico y mejora la productividad del hato.<\/em><\/span><\/p>\n<\/div><\/section><\/p>\n<\/div><\/div>\n<style type=\"text\/css\" data-created_by=\"avia_inline_auto\" id=\"style-css-av-mi6jkm0b-2b6c664ccc0f4f47e1b0691e840258de\">\n.flex_cell.av-mi6jkm0b-2b6c664ccc0f4f47e1b0691e840258de{\nvertical-align:middle;\nheight:0px;\nmin-height:0px;\nbackground:url(https:\/\/biogenmex.com\/wp-content\/uploads\/2025\/11\/1-1024x630.jpg) 50% 50% repeat scroll #8696a1;\n}\n.responsive #top #wrap_all .flex_cell.av-mi6jkm0b-2b6c664ccc0f4f47e1b0691e840258de{\npadding:80px 80px 80px 80px !important;\n}\n<\/style>\n<div class='flex_cell av-mi6jkm0b-2b6c664ccc0f4f47e1b0691e840258de av-gridrow-cell av_one_half no_margin  avia-builder-el-5  el_after_av_cell_one_half  avia-builder-el-last  content-align-middle'  ><div class='flex_cell_inner'><\/div><\/div><\/div><div id='av_section_1'  class='avia-section av-6yyviv-90ca5eca74fa47bc5006d6c12ff196e5 main_color avia-section-huge avia-no-border-styling  avia-builder-el-6  el_after_av_layout_row  avia-builder-el-last  avia-bg-style-scroll container_wrap sidebar_right'  ><div class='container av-section-cont-open' ><div class='template-page content  av-content-small alpha units'><div class='post-entry post-entry-type-page post-entry-1159'><div class='entry-content-wrapper clearfix'>\n<div class='flex_column_table av-mi6k3cn4-7f44a76c728497f67f12a08402f58fe0 sc-av_one_fourth av-equal-height-column-flextable'>\n<style type=\"text\/css\" data-created_by=\"avia_inline_auto\" id=\"style-css-av-mi6k3cn4-7f44a76c728497f67f12a08402f58fe0\">\n#top .flex_column_table.av-equal-height-column-flextable.av-mi6k3cn4-7f44a76c728497f67f12a08402f58fe0{\nmargin-top:-200px;\nmargin-bottom:0;\n}\n<\/style>\n<div  class='flex_column av-mi6k3cn4-7f44a76c728497f67f12a08402f58fe0 av_one_fourth  avia-builder-el-7  el_before_av_one_half  avia-builder-el-first  first no_margin flex_column_table_cell av-equal-height-column av-align-top  '     ><\/div>\n<style type=\"text\/css\" data-created_by=\"avia_inline_auto\" id=\"style-css-av-mi6k1f3y-9301b8215851c33a7c235ab467f71c25\">\n#top .flex_column_table.av-equal-height-column-flextable.av-mi6k1f3y-9301b8215851c33a7c235ab467f71c25{\nmargin-top:-200px;\nmargin-bottom:0;\n}\n.flex_column.av-mi6k1f3y-9301b8215851c33a7c235ab467f71c25{\npadding:30px 30px 30px 30px;\nbackground-color:#8695a3;\n}\n<\/style>\n<div  class='flex_column av-mi6k1f3y-9301b8215851c33a7c235ab467f71c25 av_one_half  avia-builder-el-8  el_after_av_one_fourth  el_before_av_one_fourth  no_margin flex_column_table_cell av-equal-height-column av-align-top  '     ><p>\n<style type=\"text\/css\" data-created_by=\"avia_inline_auto\" id=\"style-css-av-mi6imko7-4f7ac3c842861ca91943af39b9607f3b\">\n.av_font_icon.av-mi6imko7-4f7ac3c842861ca91943af39b9607f3b{\ncolor:#ffffff;\nborder-color:#ffffff;\n}\n.avia-svg-icon.av-mi6imko7-4f7ac3c842861ca91943af39b9607f3b svg:first-child{\nstroke:#ffffff;\nfill:#ffffff;\n}\n.av_font_icon.av-mi6imko7-4f7ac3c842861ca91943af39b9607f3b .av-icon-char{\nfont-size:40px;\n}\n<\/style>\n<span  class='av_font_icon av-mi6imko7-4f7ac3c842861ca91943af39b9607f3b avia_animate_when_visible av-icon-style- avia-icon-pos-center avia-svg-icon avia-font-svg_entypo-fontello avia-icon-animate'><span class='av-icon-char' data-av_svg_icon='resize-small' data-av_iconset='svg_entypo-fontello' ><svg version=\"1.1\" xmlns=\"http:\/\/www.w3.org\/2000\/svg\" width=\"29\" height=\"32\" viewBox=\"0 0 29 32\" preserveAspectRatio=\"xMidYMid meet\" aria-labelledby='av-svg-title-1' aria-describedby='av-svg-desc-1' role=\"graphics-symbol\" aria-hidden=\"true\">\n<title id='av-svg-title-1'>Resize-small<\/title>\n<desc id='av-svg-desc-1'>Resize-small<\/desc>\n<path d=\"M4.992 22.528l-3.392-3.2h9.472v9.472l-3.2-3.392-4.672 4.992-3.2-3.2zM28.8 4.8l-4.928 4.608 3.328 3.2h-9.408v-9.408l3.2 3.328 4.608-4.928z\"><\/path>\n<\/svg><\/span><\/span><br \/>\n\n<style type=\"text\/css\" data-created_by=\"avia_inline_auto\" id=\"style-css-av-5bxylz-df9d4d729f03e0e4e7bf570e2d88feb0\">\n#top .hr.hr-invisible.av-5bxylz-df9d4d729f03e0e4e7bf570e2d88feb0{\nheight:8px;\n}\n<\/style>\n<div  class='hr av-5bxylz-df9d4d729f03e0e4e7bf570e2d88feb0 hr-invisible  avia-builder-el-10  el_after_av_font_icon  el_before_av_textblock '><span class='hr-inner '><span class=\"hr-inner-style\"><\/span><\/span><\/div><br \/>\n<section  class='av_textblock_section av-mi6iorii-39f707a6dfe8e622bf857b4f1db8c200 '   itemscope=\"itemscope\" itemtype=\"https:\/\/schema.org\/CreativeWork\" ><div class='avia_textblock'  itemprop=\"text\" ><p><span style=\"color: #ffffff;\">Las vacas donantes deben presentar caracter\u00edsticas que garanticen la obtenci\u00f3n de \u00f3vulos de alta calidad y una adecuada respuesta hormonal. Algunos factores evaluados incluyen:<\/span><\/p>\n<ul>\n<li style=\"color: #ffffff;\"><span style=\"color: #ffffff;\">Condici\u00f3n corporal ideal (CC 3.0 \u2013 3.5)<\/span><\/li>\n<li style=\"color: #ffffff;\"><span style=\"color: #ffffff;\">Historial reproductivo favorable<\/span><\/li>\n<li style=\"color: #ffffff;\"><span style=\"color: #ffffff;\">Excelente fertilidad comprobado<\/span><\/li>\n<li style=\"color: #ffffff;\"><span style=\"color: #ffffff;\">Buen desarrollo f\u00edsico y conformaci\u00f3n<\/span><\/li>\n<li style=\"color: #ffffff;\"><span style=\"color: #ffffff;\">Gen\u00e9tica superior para caracter\u00edsticas productivas y funcionales<\/span><\/li>\n<li style=\"color: #ffffff;\"><span style=\"color: #ffffff;\">Ausencia de enfermedades infecciosas o cr\u00f3nica<\/span><\/li>\n<li style=\"color: #ffffff;\"><span style=\"color: #ffffff;\">Ovarios activos y estructura uterina normal (evaluaci\u00f3n por ultrasonido)<\/span><\/li>\n<\/ul>\n<\/div><\/section><br \/>\n\n<style type=\"text\/css\" data-created_by=\"avia_inline_auto\" id=\"style-css-av-4rikuf-60399047e2fc471063df64cea5d54001\">\n#top .hr.hr-invisible.av-4rikuf-60399047e2fc471063df64cea5d54001{\nheight:20px;\n}\n<\/style>\n<div  class='hr av-4rikuf-60399047e2fc471063df64cea5d54001 hr-invisible  avia-builder-el-12  el_after_av_textblock  avia-builder-el-last '><span class='hr-inner '><span class=\"hr-inner-style\"><\/span><\/span><\/div><\/p><\/div>\n<style type=\"text\/css\" data-created_by=\"avia_inline_auto\" id=\"style-css-av-220ujb-187beb76cf89e92d4c5b7b06b5a22ac9\">\n#top .flex_column_table.av-equal-height-column-flextable.av-220ujb-187beb76cf89e92d4c5b7b06b5a22ac9{\nmargin-top:-200px;\nmargin-bottom:0;\n}\n<\/style>\n<div  class='flex_column av-220ujb-187beb76cf89e92d4c5b7b06b5a22ac9 av_one_fourth  avia-builder-el-13  el_after_av_one_half  avia-builder-el-last  no_margin flex_column_table_cell av-equal-height-column av-align-top  '     ><\/div><\/div><!--close column table wrapper. Autoclose: 1 -->\n<\/div><\/div><\/div><!-- close content main div --><\/div><\/div><div id='after_section_1'  class='main_color av_default_container_wrap container_wrap sidebar_right'  ><div class='container av-section-cont-open' ><div class='template-page content  av-content-small alpha units'><div class='post-entry post-entry-type-page post-entry-1159'><div class='entry-content-wrapper clearfix'><\/p>\n","protected":false},"excerpt":{"rendered":"","protected":false},"author":1,"featured_media":0,"parent":0,"menu_order":0,"comment_status":"closed","ping_status":"closed","template":"","meta":{"footnotes":""},"class_list":["post-1159","page","type-page","status-publish","hentry"],"_links":{"self":[{"href":"https:\/\/biogenmex.com\/index.php?rest_route=\/wp\/v2\/pages\/1159","targetHints":{"allow":["GET"]}}],"collection":[{"href":"https:\/\/biogenmex.com\/index.php?rest_route=\/wp\/v2\/pages"}],"about":[{"href":"https:\/\/biogenmex.com\/index.php?rest_route=\/wp\/v2\/types\/page"}],"author":[{"embeddable":true,"href":"https:\/\/biogenmex.com\/index.php?rest_route=\/wp\/v2\/users\/1"}],"replies":[{"embeddable":true,"href":"https:\/\/biogenmex.com\/index.php?rest_route=%2Fwp%2Fv2%2Fcomments&post=1159"}],"version-history":[{"count":87,"href":"https:\/\/biogenmex.com\/index.php?rest_route=\/wp\/v2\/pages\/1159\/revisions"}],"predecessor-version":[{"id":1523,"href":"https:\/\/biogenmex.com\/index.php?rest_route=\/wp\/v2\/pages\/1159\/revisions\/1523"}],"wp:attachment":[{"href":"https:\/\/biogenmex.com\/index.php?rest_route=%2Fwp%2Fv2%2Fmedia&parent=1159"}],"curies":[{"name":"wp","href":"https:\/\/api.w.org\/{rel}","templated":true}]}}